{"id":893,"date":"2020-05-15T09:21:40","date_gmt":"2020-05-15T08:21:40","guid":{"rendered":"https:\/\/wp.modronebo.net\/ijs2\/?page_id=893"},"modified":"2020-05-27T21:11:05","modified_gmt":"2020-05-27T20:11:05","slug":"rna-biology","status":"publish","type":"page","link":"https:\/\/www-b3.ijs.si\/index.php\/research\/research-fields\/rna-biology\/","title":{"rendered":"RNA biology"},"content":{"rendered":"<p><section class=\"kc-elm kc-css-908643 kc_row\"><div class=\"kc-row-container  kc-container\"><div class=\"kc-wrap-columns\"><div class=\"kc-elm kc-css-158307 kc_col-sm-12 kc_column kc_col-sm-12\"><div class=\"kc-col-container\"><div class=\"kc-elm kc-css-47696 kc_text_block\"><\/p>\n<p>\nIt\u2019s well known that DNA and proteins play an essential role in health and illness, but considerably less is known about the impact of RNA. RNA comes in several varieties that have tremendous influence over how genes and proteins behave. With that, RNA also represents an extremely promising field for new approaches to treatment of many diseases.<\/p>\n<p>Our work is focused on functional characterization of noncanonical RNAs, especially snoRNAs. We are using state of the art methods such as COMRADES and PARIS, to capture rare and transient interactions. Our primary goal is functional characterization of noncoding RNAs in ALS\/FTD and Prader-Willi Syndrome.<\/p>\n<p>Deletion of paternally expressed SNORD116 gene cluster (a group of C\/D-box snoRNAs) was shown to be the primary genetic determinant of the Prader-Willi syndrome, the most common genetic cause of life-threatening obesity in children. In one of our projects (funded by PWSR) we are studying\u00a0 the RNA interactome of SNORD116\u00a0 and disease relevance of those interactions.<\/p>\n<div><\/div>\n<p>\n<\/div><div class=\"kc-elm kc-css-530024\" style=\"height: 30px; clear: both; width:100%;\"><\/div><div class=\"kc-elm kc-css-724507 kc_shortcode kc_single_image\">\n\n        <img src=\"https:\/\/www-b3.ijs.si\/wp-content\/uploads\/2020\/05\/tileshop.jpg\" class=\"\" alt=\"\" \/>    <\/div>\n<\/div><\/div><\/div><\/div><\/section><section class=\"kc-elm kc-css-450931 kc_row\"><div class=\"kc-row-container  kc-container\"><div class=\"kc-wrap-columns\"><div class=\"kc-elm kc-css-781999 kc_col-sm-12 kc_column kc_col-sm-12\"><div class=\"kc-col-container\"><div class=\"kc-elm kc-css-731978 kc_text_block\"><\/p>\n<h4>Selected publications<\/h4>\n<ul>\n<li>BRATKOVI\u010c, Toma\u017e, BO\u017dI\u010c, Janja, ROGELJ, Boris. <a href=\"https:\/\/academic.oup.com\/nar\/article\/48\/4\/1627\/5673630?guestAccessKey=0bc2e46c-b45c-4562-81be-8137020800a3\" target=\"_blank\" rel=\"noopener noreferrer\"><strong>Functional diversity of small nucleolar RNAs.<\/strong><\/a> Nucleic acids research, 2020, 48, 4, 1627-1651.<\/li>\n<li><span style=\"font-family: Segoe UI, sans-serif;\">BRATKOVI\u010c, Toma\u017e, ROGELJ Boris. <a href=\"https:\/\/www.sciencedirect.com\/science\/article\/pii\/S1874939914000868?via%3Dihub\" target=\"_blank\" rel=\"noopener noreferrer\"><strong>The many faces of small nucleolar RNAs.<\/strong><\/a> Biochimica et Biophysica Acta, 2014, 1839, 6, 438-443<\/span><\/li>\n<li>BRATKOVI\u010c, Toma\u017e, MODIC, Miha, CAMARGO ORTEGA, Camargo, DRUKKER, Micha, ROGELJ, Boris. <a href=\"https:\/\/www.nature.com\/articles\/s41598-018-23293-7\" target=\"_blank\" rel=\"noopener noreferrer\"><strong>Neuronal differentiation induces SNORD115 expression and is accompanied by post-transcriptional changes of serotonin receptor 2c mRNA.<\/strong><\/a> Scientific reports, 2018, 8, 5101.<\/li>\n<\/ul>\n<div>\u00a0<\/div>\n<p>\n<\/div><div class=\"kc-elm kc-css-28398\" style=\"height: 30px; clear: both; width:100%;\"><\/div><\/div><\/div><\/div><\/div><\/section><\/p>\n","protected":false},"excerpt":{"rendered":"","protected":false},"author":2,"featured_media":1028,"parent":215,"menu_order":0,"comment_status":"closed","ping_status":"closed","template":"","meta":[],"_links":{"self":[{"href":"https:\/\/www-b3.ijs.si\/index.php\/wp-json\/wp\/v2\/pages\/893"}],"collection":[{"href":"https:\/\/www-b3.ijs.si\/index.php\/wp-json\/wp\/v2\/pages"}],"about":[{"href":"https:\/\/www-b3.ijs.si\/index.php\/wp-json\/wp\/v2\/types\/page"}],"author":[{"embeddable":true,"href":"https:\/\/www-b3.ijs.si\/index.php\/wp-json\/wp\/v2\/users\/2"}],"replies":[{"embeddable":true,"href":"https:\/\/www-b3.ijs.si\/index.php\/wp-json\/wp\/v2\/comments?post=893"}],"version-history":[{"count":0,"href":"https:\/\/www-b3.ijs.si\/index.php\/wp-json\/wp\/v2\/pages\/893\/revisions"}],"up":[{"embeddable":true,"href":"https:\/\/www-b3.ijs.si\/index.php\/wp-json\/wp\/v2\/pages\/215"}],"wp:featuredmedia":[{"embeddable":true,"href":"https:\/\/www-b3.ijs.si\/index.php\/wp-json\/wp\/v2\/media\/1028"}],"wp:attachment":[{"href":"https:\/\/www-b3.ijs.si\/index.php\/wp-json\/wp\/v2\/media?parent=893"}],"curies":[{"name":"wp","href":"https:\/\/api.w.org\/{rel}","templated":true}]}}