{"id":223,"date":"2020-04-03T07:54:11","date_gmt":"2020-04-03T06:54:11","guid":{"rendered":"https:\/\/wp.modronebo.net\/ijs2\/?page_id=223"},"modified":"2021-04-16T14:55:09","modified_gmt":"2021-04-16T12:55:09","slug":"cancer-2","status":"publish","type":"page","link":"https:\/\/www-b3.ijs.si\/index.php\/research\/cancer-2\/","title":{"rendered":"Projects"},"content":{"rendered":"<p><section class=\"kc-elm kc-css-446958 kc_row\"><div class=\"kc-row-container  kc-container\"><div class=\"kc-wrap-columns\"><div class=\"kc-elm kc-css-837258 kc_col-sm-12 kc_column kc_col-sm-12\"><div class=\"kc-col-container\">\n<div class=\"kc-elm kc-css-152835 kc-blog-posts kc-blog-posts-1 owl-carousel kc-image-align-both\" data-owl-options='{\"autoplay\": \"yes\", \"pagination\": \"yes\", \"items\": \"1\", \"tablet\":1, \"mobile\":1}'>\n\t\n\t\t<h3>Blog Post: Nothing not found.<\/h3>\n\n\t\n<\/div>\n<\/div><\/div><\/div><\/div><\/section><section class=\"kc-elm kc-css-318515 kc_row\"><div class=\"kc-row-container  kc-container\"><div class=\"kc-wrap-columns\"><div class=\"kc-elm kc-css-43291 kc_col-sm-12 kc_column kc_col-sm-12\"><div class=\"kc-col-container\"><div class=\"kc-elm kc-css-419273 kc_text_block\"><\/p>\n<h2>Programme<\/h2>\n<div><strong>P4-0127 <a href=\"https:\/\/www.sicris.si\/public\/jqm\/prg.aspx?lang=eng&amp;opdescr=search&amp;opt=2&amp;subopt=700&amp;code1=cmn&amp;code2=auto&amp;psize=1&amp;hits=1&amp;page=1&amp;count=&amp;search_term=ale\u0161%20berlec&amp;id=17661&amp;slng=&amp;order_by=\" target=\"_blank\" rel=\"noopener noreferrer\">Pharmaceutical biotechnology: Science for health<\/a>\u00a0<\/strong><br \/>Janko Kos<br \/>Period: 1.1.2004\u201531.12.2024<\/div>\n<div>\u00a0<\/div>\n<div><strong>P4-0432 Marine and microbial biotechnology<\/strong><br \/>Ana Rotter (B3: Jerica Saboti\u010d)<br \/>Period: 1.1.2022 &#8211; 31.12.2027<\/div>\n<div>\u00a0<\/div>\n<h2>Projects<\/h2>\n<p><strong>J3-4503 Translational irregularities underlying C9orf72-associated amyotrophic lateral sclerosis and frontotemporal dementia<\/strong><br \/>PI: Boris Rogelj<br \/>Period: 1. 10. 2022 \u2013 30.9.2025<\/p>\n<p><strong>J3-4531 On-demand Contact Based Antimicrobial Surfaces: Human and Environmental Safe Infection Control Strategy<\/strong><br \/>PI: Marija Vukomanovi\u0107 (B3: Milica Peri\u0161i\u0107 Nanut)<br \/>Period: 1. 10. 2022 \u2013 30.9.2025<\/p>\n<p><strong>J4-4555 Exploring the biofilm phenotype and surfactome of Listeria monocytogenes to predict its persistence and pathogenicity potential using machine learning<\/strong><br \/>PI: Jerica Saboti\u010d<br \/>Period: 1. 10. 2022 \u2013 30.9.2025<\/p>\n<p><strong>J7-4420 Selective mechanical removal of bacterial biofilms by conjugated magnetic nanoparticles<\/strong><br \/>PI: Ale\u0161 Berlec <br \/>Period: 1. 10. 2022 \u2013 30.9.2025<\/p>\n<p><strong>L7-4567 Plasma VUV and UV radiation \u2013 a method for successful deactivation of Aflatoxins<\/strong><br \/>PI: Nina Recek (B3: Helena Motaln)<br \/>Period: 1. 10. 2022 \u2013 30.9.2025<\/p>\n<p><strong>Z4-4566 Engineering lactic acid bacteria for tumour targeted delivery of anticancer agents<\/strong><br \/>PI: Abida Zahirovi\u0107<br \/>Period: 1. 10. 2022 \u2013 30.9.2024<\/p>\n<p><strong>J7-4637 Antibacterial alloys: development by additive 3D manufacturing, characterization and clinical applications<\/strong><br \/>PI: Ingrid Milo\u0161ev (B3: Helena Motaln)<br \/>Period: 1. 10. 2022 \u2013 30.9.2025<\/p>\n<p><strong>J7-4418 Nanofibers for codelivery of selected microbiota cocktails and antimicrobials for local treatment of vaginal infections<\/strong><br \/>PI: \u0160pela Zupan\u010di\u010d (B3: Ale\u0161 Berlec)<br \/>Period: 1. 10. 2022 \u2013 30.9.2025<\/p>\n<p><strong>J4-4548 Microplastics as a vector of pathogen contamination, infection and resistance: a case of Campylobacter in poultry production and processing<\/strong><br \/>PI: Anja Klan\u010dnik (B3: Jerica Saboti\u010d)<br \/>Period: 1. 10. 2022 \u2013 30.9.2025<\/p>\n<p><strong>J3-3079 Bactericidal nanoblades: a proof-of-concept approach for bimodal chemo-mechanical eradication of persistent biofilms<\/strong><br \/>PI: Stane Pajk (B3: Jerica Saboti\u010d)<br \/>Period: 1.12.2021 &#8211; 30.11.2024<\/p>\n<p><strong>J3-3071 Cathepsins B and X in breast cancer stem cells \u2013 molecular targets and relevance for antitumor therapy<\/strong><br \/>PI: Ana Mitrovi\u0107<br \/>Period: 1. 10. 2021 &#8211; 30.9.2024<\/p>\n<p><strong>J4-3088 Intra-biofilm dynamics of Campylobacter with other bacteria: effects on biofilm formation and composition with a view to the design of innovitive control strategies<\/strong><br \/>PI: Anja Klan\u010dnik (B3: Jerica Saboti\u010d)<br \/>Period: 1. 10. 2021 &#8211; 30.9.2024<\/p>\n<p><strong>J4-3096 Recombinant probiotics as bio-alternative antimicrobial approach against Clostridioides difficile<br \/><\/strong>PI: Borut \u0160trukelj (B3: Ale\u0161 Berlec)<br \/>Period: 1.10.2021 &#8211; 30.9.2024<\/p>\n<p><strong>Cell4Chem (ERA-Net CoBioTech) <a href=\"https:\/\/www.ufz.de\/cell4chem\/\" target=\"_blank\" rel=\"noopener\">Engineering microbial communities for the conversion of lignocellulose into medium-chain carboxylates<\/a><\/strong><br \/>PI: Ale\u0161 Berlec<br \/>Period: 1.7.2021-30.6.2024<\/p>\n<p><strong><strong><strong><strong>N3-0184 (CEUS GA \u010cR): Small protein blockers of IL-23\/IL-17 axis as intestinal inflammation inhibitors secreted by probiotic bacteria.<br \/><\/strong><\/strong><\/strong><\/strong>PI: Ale\u0161 Berlec<br \/>Period: 1.3.2021 \u2015 28.2.2024<strong><strong><strong><strong><br \/><\/strong><\/strong><\/strong><\/strong><\/p>\n<p><strong><strong><strong><strong>PID13158 Instruct-ERIC: Bacterial cell wall glycans<br \/><\/strong><\/strong><\/strong><\/strong>PI: Jerica Saboti\u010d<br \/>Period: 1.11.2020\u201531.12.2020<\/p>\n<p><strong><strong>J4-2543 FunContrAPest: Novel Fungal Proteins as Biopesticides for Control of Challenging Invasive Alien Agricultural Pestst<br \/><\/strong><\/strong>PI: Jerica Saboti\u010d<br \/>Period: 1.11.2020\u201531.10.2023<\/p>\n<p><strong>CA19123 <a href=\"https:\/\/www.cost.eu\/actions\/CA19123\/#tabs|Name:management-committee\">Protection, resilience, rehabilitation of damaged environment<\/a><br \/><\/strong>PI: Andrea Pietrelli (B3: Ale\u0161 Berlec)<br \/>Period: 21.9.2020 \u2015 10.9.2024<strong><br \/><\/strong><\/p>\n<p><strong><strong>J3-2516 Cystatin F as a mediator of immunosuppression in glioblastoma microenvironment<br \/><\/strong><\/strong>PI: Milica Peri\u0161i\u0107 Nanut<br \/>Period: 1.9.2020\u201531.8.2023<\/p>\n<p><strong><strong>N3-0141 <a href=\"http:\/\/www.sicris.si\/public\/jqm\/prj.aspx?lang=eng&amp;opdescr=search&amp;opt=2&amp;subopt=400&amp;code1=cmn&amp;code2=auto&amp;psize=1&amp;hits=1&amp;page=1&amp;count=&amp;search_term=rogelj%20b&amp;id=18041&amp;slng=&amp;order_by=\" target=\"_blank\" rel=\"noopener noreferrer\">Nuclear Transport defects in frontotemporal dementia<\/a><\/strong><br \/><\/strong>PI: Boris Rogelj<br \/>Period: 1.3.2020\u201528.2.2023<\/p>\n<p><strong>CA18238<\/strong> <a href=\"https:\/\/www.ocean4biotech.eu\/\" target=\"_blank\" rel=\"noopener noreferrer\"><strong>European transdisciplinary networking platform for marine biotechnology<\/strong><\/a><br \/>PI: Ana Rotter (B3: Jerica Saboti\u010d)<br \/>Period: 1.10.2019 \u2013 30.9.2023<\/p>\n<p><strong>J4-1776 <a href=\"https:\/\/www.sicris.si\/public\/jqm\/prj.aspx?lang=eng&amp;opdescr=search&amp;opt=2&amp;subopt=400&amp;code1=cmn&amp;code2=auto&amp;psize=1&amp;hits=1&amp;page=1&amp;count=&amp;search_term=ale\u0161%20berlec&amp;id=17848&amp;slng=&amp;order_by=\" target=\"_blank\" rel=\"noopener noreferrer\">Improvement of immunotherapeutic potential of NK cells through modulation of cystatin F<\/a><\/strong><br \/>PI: Janko Kos<br \/>Period: 1.7.2019\u201530.6.2022<\/p>\n<p><strong>J4-1771 <a href=\"https:\/\/www.sicris.si\/public\/jqm\/prj.aspx?lang=eng&amp;opdescr=search&amp;opt=2&amp;subopt=400&amp;code1=cmn&amp;code2=auto&amp;psize=1&amp;hits=1&amp;page=1&amp;count=&amp;search_term=ale\u0161%20berlec&amp;id=17843&amp;slng=&amp;order_by=\" target=\"_blank\" rel=\"noopener noreferrer\">New antimicrobial strategies in prevention of biofilm formation by using lectins that inhibit bacterial adhesion<\/a><\/strong><br \/>PI: Jerica Saboti\u010d<br \/>Period: 1.7.2019\u201530.6.2022<\/p>\n<p><strong>J3-9263 <a href=\"http:\/\/www.sicris.si\/public\/jqm\/prj.aspx?lang=eng&amp;opdescr=search&amp;opt=2&amp;subopt=400&amp;code1=cmn&amp;code2=auto&amp;psize=1&amp;hits=1&amp;page=1&amp;count=&amp;search_term=rogelj%20b&amp;id=17306&amp;slng=&amp;order_by=\" target=\"_blank\" rel=\"noopener noreferrer\">Pathogenic role of paraspeckle-like nuclear bodies in neurodegenerative diseases ALS and FTD<\/a><\/strong><br \/>PI: Boris Rogelj<br \/>Period: 1.7.2018\u201530.6.2021<\/p>\n<p><strong>J3-9267\u00a0 <a href=\"https:\/\/www.sicris.si\/public\/jqm\/prj.aspx?lang=eng&amp;opdescr=search&amp;opt=2&amp;subopt=400&amp;code1=cmn&amp;code2=auto&amp;psize=1&amp;hits=1&amp;page=1&amp;count=&amp;search_term=ale\u0161%20berlec&amp;id=17308&amp;slng=&amp;order_by=\" target=\"_blank\" rel=\"noopener noreferrer\">Inhibition of cathepsin X activity as a novel strategy for the treatment of Parkinson&#8217;s disease<\/a><\/strong><br \/>PI: Anja Pi\u0161lar (B3: Janko Kos)<br \/>Period: 1.7.2018\u201530.6.2021<\/p>\n<p><strong>J4-9299 <a href=\"https:\/\/www.sicris.si\/public\/jqm\/prj.aspx?lang=eng&amp;opdescr=search&amp;opt=2&amp;subopt=400&amp;code1=cmn&amp;code2=auto&amp;psize=1&amp;hits=1&amp;page=1&amp;count=&amp;search_term=ale\u0161%20berlec&amp;id=17322&amp;slng=&amp;order_by=\" target=\"_blank\" rel=\"noopener noreferrer\">Targeting Campylobacter adhesion in the fight against antimicrobial resistance<\/a><\/strong><br \/>PI: Anja Klan\u010dnik (B3: Jerica Saboti\u010d)<br \/>Period: 1.7.2018\u201530.6.2021<\/p>\n<p><strong>J4-9327\u00a0 <a href=\"https:\/\/www.sicris.si\/public\/jqm\/prj.aspx?lang=eng&amp;opdescr=search&amp;opt=2&amp;subopt=400&amp;code1=cmn&amp;code2=auto&amp;psize=1&amp;hits=1&amp;page=1&amp;count=&amp;search_term=ale\u0161%20berlec&amp;id=17327&amp;slng=&amp;order_by=\" target=\"_blank\" rel=\"noopener noreferrer\">Targeting, imaging and treating of colorectal cancer with safe theranostic bacteria<\/a><\/strong><br \/>PI: Ale\u0161 Berlec<br \/>Period: 1.7.2018\u201530.6.2021<\/p>\n<p><strong>J3-9262 <a href=\"https:\/\/www.sicris.si\/public\/jqm\/prj.aspx?lang=eng&amp;opdescr=rsrSearch&amp;opt=2&amp;subopt=400&amp;code1=rsr&amp;code2=nameadvanced&amp;psize=1&amp;hits=1&amp;page=1&amp;count=&amp;search_term=name=HELENA%20motaln%20and%20sci=%20and%20fil=%20and%20sub=%20and%20type=%20and%20stat=%20and%20edulevl=&amp;id=17305&amp;slng=&amp;order_by=\" target=\"_blank\" rel=\"noopener noreferrer\">Advanced surface finishing technologies for antibacterial properties of patient specific 3D printed implantable materials<\/a><\/strong><br \/>PI: Ita Junkar (B3: Boris Rogelj)<br \/>Period: 1.7.2018\u201530.6.2021<\/p>\n<p><strong>J7-9399 <a href=\"http:\/\/www.sicris.si\/public\/jqm\/prj.aspx?lang=eng&amp;opdescr=search&amp;opt=2&amp;subopt=400&amp;code1=cmn&amp;code2=auto&amp;psize=1&amp;hits=1&amp;page=1&amp;count=&amp;search_term=rogelj%20b&amp;id=17361&amp;slng=&amp;order_by=\" target=\"_blank\" rel=\"noopener noreferrer\">Phase transitions in systems of nucleotide repeat expansions associated with neurodegenerative diseases<\/a><\/strong><br \/>PI: Irena Dreven\u0161ek Olenik (B3: Boris Rogelj)<br \/>Period: 1.7.2018\u201530.6.2021<\/p>\n<p><strong>L4-9325 <a href=\"https:\/\/www.sicris.si\/public\/jqm\/prj.aspx?lang=eng&amp;opdescr=rsrSearch&amp;opt=2&amp;subopt=400&amp;code1=rsr&amp;code2=nameadvanced&amp;psize=1&amp;hits=1&amp;page=1&amp;count=&amp;search_term=name=HELENA%20motaln%20and%20sci=%20and%20fil=%20and%20sub=%20and%20type=%20and%20stat=%20and%20edulevl=&amp;id=17425&amp;slng=&amp;order_by=\" target=\"_blank\" rel=\"noopener noreferrer\">Development of new, environment-friendly approaches for plant and human virus inactivation in waters<\/a><\/strong><br \/>PI: Maja Ravnikar (B3: Boris Rogelj)<br \/>Period: 1.7.2018\u201530.6.2021<\/p>\n<p><strong>Z3-9273 <\/strong><a href=\"https:\/\/www.sicris.si\/public\/jqm\/prj.aspx?lang=eng&amp;opdescr=search&amp;opt=2&amp;subopt=400&amp;code1=cmn&amp;code2=auto&amp;psize=1&amp;hits=1&amp;page=1&amp;count=&amp;search_term=ale\u0161%20berlec&amp;id=17408&amp;slng=&amp;order_by=\" target=\"_blank\" rel=\"noopener noreferrer\"><strong>Use of cathepsin B and X inhibitors for the improvement of antitumor therapy<\/strong><\/a><br \/>PI: Ana Mitrovi\u0107<br \/>Period: 1.7.2018\u201530.6.2020<\/p>\n<p><strong>J3-8201 <a href=\"http:\/\/www.sicris.si\/public\/jqm\/prj.aspx?lang=eng&amp;opdescr=search&amp;opt=2&amp;subopt=400&amp;code1=cmn&amp;code2=auto&amp;psize=1&amp;hits=1&amp;page=1&amp;count=&amp;search_term=rogelj%20b&amp;id=12488&amp;slng=&amp;order_by=\" target=\"_blank\" rel=\"noopener noreferrer\">Nuclear transport defects in neurodegenerative disease<\/a><\/strong>s<br \/>PI: Boris Rogelj<br \/>1.5.2017\u201530.4.2020<\/p>\n<p><strong>J4-8227 <a href=\"https:\/\/www.sicris.si\/public\/jqm\/prj.aspx?lang=slv&amp;opdescr=search&amp;opt=2&amp;subopt=400&amp;code1=cmn&amp;code2=auto&amp;psize=1&amp;hits=1&amp;page=1&amp;count=&amp;search_term=ale%C5%A1%20berlec&amp;id=12506&amp;slng=&amp;order_by=\" target=\"_blank\" rel=\"noopener noreferrer\">Cathepsin X inhibitors impair the resistence of tumor cells to antiprotease therapy<\/a>\u00a0<\/strong><br \/>PI: Janko Kos<br \/>Period: 1.5.2017 &#8211; 30.04.2020<\/p>\n<p><strong>Z3-7307 <\/strong><a href=\"https:\/\/www.sicris.si\/public\/jqm\/prj.aspx?lang=eng&amp;opdescr=search&amp;opt=2&amp;subopt=400&amp;code1=cmn&amp;code2=auto&amp;psize=1&amp;hits=1&amp;page=1&amp;count=&amp;search_term=ale%C5%A1%20berlec&amp;id=17753&amp;slng=&amp;order_by=\" target=\"_blank\" rel=\"noopener noreferrer\"><strong>Vloga celi\u010dnega lipidnega metabolizma pri amiotrofi\u010dni lateralni sklerozi in frontotemporalni lobarni degeneraciji (Slovene)<\/strong><\/a><br \/>PI: Anja Pucer Jane\u017e<br \/>Period: 1.2.2017\u201531.12.2019<\/p>\n<p><strong>J7-7424 <a href=\"http:\/\/www.sicris.si\/public\/jqm\/prj.aspx?lang=eng&amp;opdescr=search&amp;opt=2&amp;subopt=400&amp;code1=cmn&amp;code2=auto&amp;psize=1&amp;hits=1&amp;page=1&amp;count=&amp;search_term=rogelj%20b&amp;id=9984&amp;slng=&amp;order_by=\" target=\"_blank\" rel=\"noopener noreferrer\">Evaluation of possible harmful effects of nanoparticles and underlying mechanisms ? from physico-chemical and in vitro toxicity characterisation to innate immune system activation<\/a><\/strong><br \/>PI: Vladimir B. Bregar (B3: Boris Rogelj)<br \/>Period: 1.1.2016\u201531.12.2018<\/p>\n<p><strong>J3-6785 <a href=\"https:\/\/www.sicris.si\/public\/jqm\/prj.aspx?lang=eng&amp;opdescr=search&amp;opt=2&amp;subopt=400&amp;code1=cmn&amp;code2=auto&amp;psize=1&amp;hits=1&amp;page=1&amp;count=&amp;search_term=ale\u0161%20berlec&amp;id=9286&amp;slng=&amp;order_by=\" target=\"_blank\" rel=\"noopener noreferrer\">Genetics and pharmacogenomics of inflammatory bowel diseases and genetically related chronic immune diseases<\/a><\/strong><br \/>PI: Uro\u0161 Poto\u010dnik (B3: Boris Rogelj)<br \/>Period: 1.7.2014\u201530.6.2017<\/p>\n<p><strong>Z3-6802 <a href=\"https:\/\/www.sicris.si\/public\/jqm\/prj.aspx?lang=eng&amp;opdescr=search&amp;opt=2&amp;subopt=400&amp;code1=cmn&amp;code2=auto&amp;psize=1&amp;hits=1&amp;page=1&amp;count=&amp;search_term=ale\u0161%20berlec&amp;id=9398&amp;slng=&amp;order_by=\" target=\"_blank\" rel=\"noopener noreferrer\">Molecular mechanisms of skeletal muscle atrophy: Implications in age, muscle disease and space habitation.<\/a><\/strong><br \/>PI: Anja Kovanda<br \/>Period: 1.11.2014\u201530.6.2017<\/p>\n<p><strong>J3-6789 <a href=\"https:\/\/www.sicris.si\/public\/jqm\/prj.aspx?lang=eng&amp;opdescr=search&amp;opt=2&amp;subopt=400&amp;code1=cmn&amp;code2=auto&amp;psize=1&amp;hits=1&amp;page=1&amp;count=&amp;search_term=ale\u0161%20berlec&amp;id=9288&amp;slng=&amp;order_by=\" target=\"_blank\" rel=\"noopener noreferrer\">Pathogenic mechanism of the C9orf72 expanded hexanucleotide repeat mutation in neurodegeneration<\/a><\/strong><br \/>PI: Boris Rogelj<br \/>Period: 1.7.2014\u201530.6.2017<\/p>\n<p><strong>J4-6811 <a href=\"https:\/\/www.sicris.si\/public\/jqm\/prj.aspx?lang=eng&amp;opdescr=search&amp;opt=2&amp;subopt=400&amp;code1=cmn&amp;code2=auto&amp;psize=1&amp;hits=1&amp;page=1&amp;count=&amp;search_term=ale\u0161%20berlec&amp;id=9302&amp;slng=&amp;order_by=\" target=\"_blank\" rel=\"noopener noreferrer\">The role of cysteine protease inhibitors in NK cell mediated lysis of tumour cells<\/a><\/strong><br \/>PI: Janko Kos<br \/>Period: 1.7.2014\u201530.6.2017<\/p>\n<p><strong>J3-5502 <a href=\"https:\/\/www.sicris.si\/public\/jqm\/prj.aspx?lang=eng&amp;opdescr=search&amp;opt=2&amp;subopt=400&amp;code1=cmn&amp;code2=auto&amp;psize=1&amp;hits=1&amp;page=1&amp;count=&amp;search_term=ale\u0161%20berlec&amp;id=8651&amp;slng=&amp;order_by=\" target=\"_blank\" rel=\"noopener noreferrer\">Dysregulation of TDP-43 expression in amyotrophic lateral sclerosis and frontotemporal lobar degeneration<\/a><\/strong><br \/>PI: Boris Rogelj<br \/>Period: 1.8.2013\u201531.7.2016<\/p>\n<p><strong>J4-5529 <a href=\"https:\/\/www.sicris.si\/public\/jqm\/prj.aspx?lang=eng&amp;opdescr=search&amp;opt=2&amp;subopt=400&amp;code1=cmn&amp;code2=auto&amp;psize=1&amp;hits=1&amp;page=1&amp;count=&amp;search_term=ale\u0161%20berlec&amp;id=8665&amp;slng=&amp;order_by=\" target=\"_blank\" rel=\"noopener noreferrer\">Nitroxoline and its derivatives as new antitumour drugs<\/a><\/strong><br \/>PI: Kos Janko<br \/>Period: 1.8.2013\u201531.7.2016<\/p>\n<p><strong>J7-5460 <\/strong><a href=\"https:\/\/www.sicris.si\/public\/jqm\/prj.aspx?lang=eng&amp;opdescr=search&amp;opt=2&amp;subopt=400&amp;code1=cmn&amp;code2=auto&amp;psize=1&amp;hits=1&amp;page=1&amp;count=&amp;search_term=ale\u0161%20berlec&amp;id=8688&amp;slng=&amp;order_by=\" target=\"_blank\" rel=\"noopener noreferrer\"><strong>Post-transcriptional regulatory networks in neurodegenerative diseases.<\/strong><\/a><br \/>PI: Jernej Ule (B3: Boris Rogelj)<br \/>Period: 1.8.2013\u201531.7.2016<\/p>\n<p><strong>J1-5450 <a href=\"https:\/\/www.sicris.si\/public\/jqm\/prj.aspx?lang=eng&amp;opdescr=search&amp;opt=2&amp;subopt=400&amp;code1=cmn&amp;code2=auto&amp;psize=1&amp;hits=1&amp;page=1&amp;count=&amp;search_term=ale\u0161%20berlec&amp;id=8632&amp;slng=&amp;order_by=\" target=\"_blank\" rel=\"noopener noreferrer\">Protein engineering of recombinant probiotic lactic acid bacteria for treatment of irritative bowel disease<\/a><\/strong><br \/>PI: Borut \u0160trukelj<br \/>Period: 1.8.2013\u201531.7.2016<\/p>\n<p>\n<\/div><\/div><\/div><\/div><\/div><\/section><\/p>\n","protected":false},"excerpt":{"rendered":"","protected":false},"author":6,"featured_media":786,"parent":7,"menu_order":0,"comment_status":"closed","ping_status":"closed","template":"","meta":[],"_links":{"self":[{"href":"https:\/\/www-b3.ijs.si\/index.php\/wp-json\/wp\/v2\/pages\/223"}],"collection":[{"href":"https:\/\/www-b3.ijs.si\/index.php\/wp-json\/wp\/v2\/pages"}],"about":[{"href":"https:\/\/www-b3.ijs.si\/index.php\/wp-json\/wp\/v2\/types\/page"}],"author":[{"embeddable":true,"href":"https:\/\/www-b3.ijs.si\/index.php\/wp-json\/wp\/v2\/users\/6"}],"replies":[{"embeddable":true,"href":"https:\/\/www-b3.ijs.si\/index.php\/wp-json\/wp\/v2\/comments?post=223"}],"version-history":[{"count":2,"href":"https:\/\/www-b3.ijs.si\/index.php\/wp-json\/wp\/v2\/pages\/223\/revisions"}],"predecessor-version":[{"id":1770,"href":"https:\/\/www-b3.ijs.si\/index.php\/wp-json\/wp\/v2\/pages\/223\/revisions\/1770"}],"up":[{"embeddable":true,"href":"https:\/\/www-b3.ijs.si\/index.php\/wp-json\/wp\/v2\/pages\/7"}],"wp:featuredmedia":[{"embeddable":true,"href":"https:\/\/www-b3.ijs.si\/index.php\/wp-json\/wp\/v2\/media\/786"}],"wp:attachment":[{"href":"https:\/\/www-b3.ijs.si\/index.php\/wp-json\/wp\/v2\/media?parent=223"}],"curies":[{"name":"wp","href":"https:\/\/api.w.org\/{rel}","templated":true}]}}