{"id":2134,"date":"2025-02-28T09:04:25","date_gmt":"2025-02-28T08:04:25","guid":{"rendered":"https:\/\/www-b3.ijs.si\/?page_id=2134"},"modified":"2025-02-28T09:04:25","modified_gmt":"2025-02-28T08:04:25","slug":"2134-2","status":"publish","type":"page","link":"https:\/\/www-b3.ijs.si\/index.php\/oprema\/2134-2\/?lang=sl","title":{"rendered":"Bioreaktor za gojenje celic v 3D"},"content":{"rendered":"<section class=\"kc-elm kc-css-554886 kc_row\"><div class=\"kc-row-container  kc-container\"><div class=\"kc-wrap-columns\"><div class=\"kc-elm kc-css-539388 kc_column kc_col-sm-12\"><div class=\"kc-col-container\"><div class=\"kc-elm kc-css-866396 kc_text_block\"><\/p>\n<ul>\n<li><strong>Bioreaktor za gojenje celic v 3D <\/strong>(Kontaktna oseba: doc. dr. Ana Mitrovi\u0107)<\/li>\n<\/ul>\n<p>Pridobljena oprema je bioreaktor za gojenje 3D celi\u010dnih agregatov (sferoidi, organoidi), ki zagotavlja konstantne pogoje in ustvarja okolje, ki spodbujajo rast, vzdr\u017eevanje in funkcionalnost ve\u010djih 3D struktur, ki posnemajo lastnosti in vivo tkiv. Bioreaktor je namenjen dolgotrajnemu gojenju kompleksnih 3D celi\u010dnih modelov, ki bi ustrezno posnemali patolo\u0161ke procese. Bioreaktor zdru\u017euje CO2 inkubator z neodvisnimi bioreaktorskimi rotacijskimi sistemi za gojenje celi\u010dnih agregatov.<\/p>\n<p>Dostop do opreme:<\/p>\n<p>Oprema se nahaja v celi\u010dnem laboratoriju odseka B3, IJS. Oprema ja dostopna raziskovalcem z IJS in zunanjim uporabnikom po predhodnem dogovoru (kontakt: ana.mitrovic@ijs.si) v \u010dasu delovnih ur. Opremo lahko uporabljajo le uporabniki usposobljeni za delo z aparaturo in za delo v celi\u010dnem laboratoriju. Mo\u017enost brezpla\u010dne uporabe v primeru izvajanja skupnih RR projektov in mo\u017enost uporabe po ceniku IJS. Po nastavljenem poskusu delo na opremi poteka dalj\u0161i \u010das.<\/p>\n<\/p>\n<p>\n<\/div><\/div><\/div><\/div><\/div><\/section>\n","protected":false},"excerpt":{"rendered":"","protected":false},"author":3,"featured_media":0,"parent":1178,"menu_order":0,"comment_status":"closed","ping_status":"closed","template":"","meta":[],"_links":{"self":[{"href":"https:\/\/www-b3.ijs.si\/index.php\/wp-json\/wp\/v2\/pages\/2134"}],"collection":[{"href":"https:\/\/www-b3.ijs.si\/index.php\/wp-json\/wp\/v2\/pages"}],"about":[{"href":"https:\/\/www-b3.ijs.si\/index.php\/wp-json\/wp\/v2\/types\/page"}],"author":[{"embeddable":true,"href":"https:\/\/www-b3.ijs.si\/index.php\/wp-json\/wp\/v2\/users\/3"}],"replies":[{"embeddable":true,"href":"https:\/\/www-b3.ijs.si\/index.php\/wp-json\/wp\/v2\/comments?post=2134"}],"version-history":[{"count":1,"href":"https:\/\/www-b3.ijs.si\/index.php\/wp-json\/wp\/v2\/pages\/2134\/revisions"}],"predecessor-version":[{"id":2135,"href":"https:\/\/www-b3.ijs.si\/index.php\/wp-json\/wp\/v2\/pages\/2134\/revisions\/2135"}],"up":[{"embeddable":true,"href":"https:\/\/www-b3.ijs.si\/index.php\/wp-json\/wp\/v2\/pages\/1178"}],"wp:attachment":[{"href":"https:\/\/www-b3.ijs.si\/index.php\/wp-json\/wp\/v2\/media?parent=2134"}],"curies":[{"name":"wp","href":"https:\/\/api.w.org\/{rel}","templated":true}]}}