{"id":2044,"date":"2024-03-12T10:53:48","date_gmt":"2024-03-12T09:53:48","guid":{"rendered":"https:\/\/www-b3.ijs.si\/index.php\/oprema\/ixplore-spin-high-resolution-microscope-system\/"},"modified":"2024-03-12T10:53:48","modified_gmt":"2024-03-12T09:53:48","slug":"ixplore-spin-high-resolution-microscope-system","status":"publish","type":"page","link":"https:\/\/www-b3.ijs.si\/index.php\/oprema\/ixplore-spin-high-resolution-microscope-system\/?lang=sl","title":{"rendered":"IXplore Spin sistem za mikroskopiranje z visoko lo\u010dljivostjo"},"content":{"rendered":"<section class=\"kc-elm kc-css-854490 kc_row\"><div class=\"kc-row-container  kc-container\"><div class=\"kc-wrap-columns\"><div class=\"kc-elm kc-css-435050 kc_col-sm-12 kc_column kc_col-sm-12\"><div class=\"kc-col-container\"><div class=\"kc-elm kc-css-744488 kc_text_block\"><p>IXplore Spin sistem za mikroskopiranje z visoko lo\u010dljivostjo sestavljen iz:<\/p>\n<p>(1) povsem motorizirane Olympus IX83 invertne platforme opremljene z<\/p>\n<p>(2) CSU-W1 spining disc konfokalnim skenerjem, 2 digitalnima sCMOS kamerama, live-imaging kamrico in software programom CellSens Dimension 3D Deconvolution solution Imaging<\/p>\n<ul>\n<li><strong>Motoriziran mikroskop z laser HW autofocus in live imaging komora <\/strong>(Kontaktna oseba: doc. dr. Helena Motaln)<\/li>\n<\/ul>\n<p>Motoriziran mikroskop s poudarkom na kompletno motoriziranem krmiljenju in laserskem autofokus sistemu, ki z uporabo dveh kamer za so\u010dasen zajem signala v izjemno kratkih (milisekundnih intervalih) omogo\u010da analizo dinami\u010dnih procesoc v celicah, tkivih in bakterijskih biofilmih. Te je mo\u017eno vzdr\u017eevati v in vivo pogojih v posebni komori direktno na mikroskopu, skozi celotno eksperimentalno obdobje. Pri tem poleg temperature in automatskega prilagajanja autofocusa objektivov sistem omogo\u010da tudi nadzor atmosferskega mikrookolja zrak\/CO2. Sistem z uporabo fluorescentnega vira svetlobe omogo\u010da analizo strukturnih komponent celic, \u0161tudij dinami\u010dnih procesov in lokalizacijo molekul na znotrajceli\u010dnem nivoju.<\/p>\n<p><!-- \/wp:paragraph --><\/p>\n<p><!-- wp:list --><\/p>\n<ul>\n<li><strong>Spinning disk naprava<\/strong><br \/>(Kontaktna oseba: prof. dr. Boris Rogelj)<\/li>\n<\/ul>\n<p>Spining disk omogo\u010da &#8220;live cell imaging\", mikroskopske analize \u017eivih nativnih vzorcev. Zaradi zmanj\u0161anega navzkri\u017enega zajemanja signala med luknjicami vrte\u010dega diska (Nipkow disk), je mogo\u010d jasen zajem slike signalov monoslojev in debelej\u0161ih biolo\u0161kih vzorcev (tkivne rezine, sferoidi ali organoidi). Vrte\u010di disk je osnovan za zajem ve\u010djega vidnega polja (FOV). Izbolj\u0161ani vgrajeni mehanizem naprave omogo\u010da premike diskov v opti\u010dni poti na na\u010din, da je omogo\u010dena zelo hitra in lahka konfokalna in ne-konfokalna projekcija slik s fluorescenco in faznim kontrastom. Zaradi vhodov in sistema so\u010dasnega zajemanja signalov z dvema kamerama omogo\u010da uporabo razli\u010dnih kombinacij barvil v nativnih vzorcih in opazovanje skozi dalj\u0161e \u010dasovno obdobje brez foto-bledenja.<\/p>\n<ul>\n<li style=\"list-style-type: none;\">\n<ul><!-- wp:list-item --><\/ul>\n<\/li>\n<\/ul>\n<p><!-- \/wp:paragraph --><\/p>\n<\/div><\/div><\/div><\/div><\/div><\/section>","protected":false},"excerpt":{"rendered":"","protected":false},"author":3,"featured_media":563,"parent":1178,"menu_order":0,"comment_status":"closed","ping_status":"closed","template":"","meta":[],"_links":{"self":[{"href":"https:\/\/www-b3.ijs.si\/index.php\/wp-json\/wp\/v2\/pages\/2044"}],"collection":[{"href":"https:\/\/www-b3.ijs.si\/index.php\/wp-json\/wp\/v2\/pages"}],"about":[{"href":"https:\/\/www-b3.ijs.si\/index.php\/wp-json\/wp\/v2\/types\/page"}],"author":[{"embeddable":true,"href":"https:\/\/www-b3.ijs.si\/index.php\/wp-json\/wp\/v2\/users\/3"}],"replies":[{"embeddable":true,"href":"https:\/\/www-b3.ijs.si\/index.php\/wp-json\/wp\/v2\/comments?post=2044"}],"version-history":[{"count":1,"href":"https:\/\/www-b3.ijs.si\/index.php\/wp-json\/wp\/v2\/pages\/2044\/revisions"}],"predecessor-version":[{"id":2045,"href":"https:\/\/www-b3.ijs.si\/index.php\/wp-json\/wp\/v2\/pages\/2044\/revisions\/2045"}],"up":[{"embeddable":true,"href":"https:\/\/www-b3.ijs.si\/index.php\/wp-json\/wp\/v2\/pages\/1178"}],"wp:featuredmedia":[{"embeddable":true,"href":"https:\/\/www-b3.ijs.si\/index.php\/wp-json\/wp\/v2\/media\/563"}],"wp:attachment":[{"href":"https:\/\/www-b3.ijs.si\/index.php\/wp-json\/wp\/v2\/media?parent=2044"}],"curies":[{"name":"wp","href":"https:\/\/api.w.org\/{rel}","templated":true}]}}