{"id":16,"date":"2020-03-02T14:17:56","date_gmt":"2020-03-02T13:17:56","guid":{"rendered":"https:\/\/wp.modronebo.net\/ijs2\/?page_id=16"},"modified":"2020-05-15T09:22:06","modified_gmt":"2020-05-15T08:22:06","slug":"cancer","status":"publish","type":"page","link":"https:\/\/www-b3.ijs.si\/index.php\/research\/research-fields\/cancer\/","title":{"rendered":"Cancer"},"content":{"rendered":"<p><section class=\"kc-elm kc-css-615456 kc_row\"><div class=\"kc-row-container  kc-container\"><div class=\"kc-wrap-columns\"><div class=\"kc-elm kc-css-321748 kc_col-sm-12 kc_column kc_col-sm-12\"><div class=\"kc-col-container\">\n<div class=\"kc-elm kc-css-748051 kc-blog-posts kc-blog-posts-3 kc-blog-grid kc_blog_masonry kc-image-align-both\">\n\t\n\t\t<h3>Blog Post: Nothing not found.<\/h3>\n\n\t\n<\/div>\n<\/div><\/div><\/div><\/div><\/section><section class=\"kc-elm kc-css-251676 kc_row\"><div class=\"kc-row-container  kc-container\"><div class=\"kc-wrap-columns\"><div class=\"kc-elm kc-css-6176 kc_col-sm-12 kc_column kc_col-sm-12\"><div class=\"kc-col-container\"><div class=\"kc-elm kc-css-370174 kc_text_block\"><\/p>\n<h2>Proteolytic system in cancer<\/h2>\n<p>Irregular function of the proteolytic system represents a hallmark of various diseases, including cancer, immune and neurological disorders. For many years our research group investigates the involvement of various peptidases and their inhibitors in the molecular mechanisms leading to the progression of these diseases with aim to identify the targets for development of new diagnostic and therapeutic strategies. As important factors we characterized cysteine cathepsins, in particular cathepsins B and X. To impair their harmful pathological activities a set of specific inhibitors has been developed and proved to reduce tumor growth and metastasis in vitro and in vivo.\u00a0 Cysteine peptidases are important also in regulation of antitumor immune response, enabling tumor antigen presentation to T and B lymphocytes, promoting immune cell adhesion and migration, affecting the activity of chemokines, and through the activation of granzymes providing cytotoxicity of T lymphocytes and natural killer (NK)\u00a0 cells.\u00a0 A significant part of our investigations is focused on interactions between tumor and immune cells in the tumor microenvironment. In this respect, the protein inhibitor of cysteine peptidases cystatin F is an important mediator. It impairs the activation of granzymes, peptidases, found in the secretory granules of cytotoxic cells by inhibiting cathepsins C and H, which convert progranzymes into active forms. Active granzymes enter the target cells and trigger cell killing by apoptosis.\u00a0 Tumor cells and immune cells in the tumor microenvironment can secret the inactive dimeric form of cystatin F, which is then internalized into cytotoxic cells and, after activation, inhibits granzyme processing. We proved that the cytotoxicity of NK cells and cytotoxic T lymphocytes is directly related to the level of active cystatin F. To impair the function of cystatin F in cytotoxic cells we intend to improve their application in cancer immunotherapy.<\/p>\n<p>\n<\/div><div class=\"kc-elm kc-css-252215\" style=\"height: 30px; clear: both; width:100%;\"><\/div><\/div><\/div><\/div><\/div><\/section><section class=\"kc-elm kc-css-324995 kc_row\"><div class=\"kc-row-container  kc-container\"><div class=\"kc-wrap-columns\"><div class=\"kc-elm kc-css-550380 kc_col-sm-12 kc_column kc_col-sm-12\"><div class=\"kc-col-container\"><div class=\"kc-elm kc-css-581160 kc_shortcode kc_single_image\">\n\n        <img src=\"https:\/\/www-b3.ijs.si\/wp-content\/uploads\/2020\/05\/Cancer-scheme-eng.jpg\" class=\"\" alt=\"\" \/>    <\/div>\n<div class=\"kc-elm kc-css-838248\" style=\"height: 30px; clear: both; width:100%;\"><\/div><\/div><\/div><\/div><\/div><\/section><section class=\"kc-elm kc-css-141478 kc_row\"><div class=\"kc-row-container  kc-container\"><div class=\"kc-wrap-columns\"><div class=\"kc-elm kc-css-453004 kc_col-sm-12 kc_column kc_col-sm-12\"><div class=\"kc-col-container\"><div class=\"kc-elm kc-css-202679 kc_text_block\"><\/p>\n<h4>Selected publications<\/h4>\n<ul>\n<li>PERI\u0160I\u0106, Milica, PAWELEC, Graham, KOS, Janko. <a href=\"https:\/\/www.mdpi.com\/1422-0067\/22\/16\/8408\" target=\"_blank\" rel=\"noopener\"><strong>Human CD4+ T-cell clone expansion leads to the expression of the cysteine peptidase inhibitor cystatin F<\/strong><\/a>. International journal of molecular sciences, 2021, 16, 8408-1-8408-15.<\/li>\n<li><u>SENJOR, Emanuela<\/u>, <u>PERI\u0160I\u0106, Milica<\/u>, BREZNIK, Barbara, <u>MITROVI\u0106, Ana<\/u>, MLAKAR, Jernej, ROTTER, Ana, POR\u010cNIK, Andrej, LAH TURN\u0160EK, Tamara, <u>KOS, Janko<\/u>. <a href=\"https:\/\/link.springer.com\/article\/10.1007%2Fs13402-021-00618-9\" target=\"_blank\" rel=\"noopener\"><strong>Cystatin F acts as a mediator of immune suppression in glioblastoma<\/strong><\/a>. Cellular oncology, 2021, 13.<\/li>\n<li>PRUNK, Mateja, PERI\u0160I\u0106 NANUT, Milica, JAKO\u0160, Tanja, SABOTI\u010c, Jerica, \u0160VAJGER, Urban, KOS, Janko. <a href=\"https:\/\/www.mdpi.com\/2072-6694\/12\/12\/3660?type=check_update&amp;version=1\" target=\"_blank\" rel=\"noopener noreferrer\"><strong>Extracellular Cystatin F Is Internalised by Cytotoxic T Lymphocytes and Decreases Their Cytotoxicity.<\/strong><\/a> Cancers, 2020, 12(12), 3660.<\/li>\n<li><span style=\"text-decoration: underline;\">MITROVI\u0106, Ana<\/span>, ZAVR\u0160NIK, Janja, MIKHAYLOV, Georgy, KNEZ, Damijan, PE\u010cAR FONOVI\u0106, Ur\u0161a, MATJAN-\u0160TEFIN, Petra, BUTINAR, Miha, GOBEC, Stanislav, TURK, Boris, <span style=\"text-decoration: underline;\">KOS, Janko<\/span>. <a href=\"https:\/\/link.springer.com\/article\/10.1007%2Fs00018-021-04117-w\" target=\"_blank\" rel=\"noopener\"><strong>Evaluation of novel cathepsin-X inhibitors in vitro and in vivo and their ability to improve cathepsin-B-directed antitumor therapy.<\/strong><\/a> Cellular and molecular life sciences. 2022, 79, 1, 34-1-34-14.<\/li>\n<li>MITROVI\u0106, Ana, KLJUN, Jakob, SOSI\u010c, Izidor, UR\u0160I\u010c, Matija, MEDEN, Anton, GOBEC, Stanislav, KOS, Janko, TUREL, Iztok. <a href=\"https:\/\/pubs.acs.org\/doi\/10.1021\/acs.inorgchem.9b01882\" target=\"_blank\" rel=\"noopener noreferrer\"><strong>Organoruthenated nitroxoline derivatives impair tumor cell invasion through inhibition of cathepsin B activity.<\/strong><\/a> Inorganic chemistry, 2019, 58, 18, 12334-12347.<\/li>\n<\/ul>\n<p>\n<\/div><div class=\"kc-elm kc-css-94455\" style=\"height: 30px; clear: both; width:100%;\"><\/div><\/div><\/div><\/div><\/div><\/section><section class=\"kc-elm kc-css-430301 kc_row\"><div class=\"kc-row-container  kc-container\"><div class=\"kc-wrap-columns\"><div class=\"kc-elm kc-css-138262 kc_col-sm-12 kc_column kc_col-sm-12\"><div class=\"kc-col-container\"><div class=\"kc-elm kc-css-18791\" style=\"height: 30px; clear: both; width:100%;\"><\/div><\/div><\/div><\/div><\/div><\/section><\/p>\n","protected":false},"excerpt":{"rendered":"","protected":false},"author":6,"featured_media":678,"parent":215,"menu_order":0,"comment_status":"closed","ping_status":"closed","template":"","meta":[],"_links":{"self":[{"href":"https:\/\/www-b3.ijs.si\/index.php\/wp-json\/wp\/v2\/pages\/16"}],"collection":[{"href":"https:\/\/www-b3.ijs.si\/index.php\/wp-json\/wp\/v2\/pages"}],"about":[{"href":"https:\/\/www-b3.ijs.si\/index.php\/wp-json\/wp\/v2\/types\/page"}],"author":[{"embeddable":true,"href":"https:\/\/www-b3.ijs.si\/index.php\/wp-json\/wp\/v2\/users\/6"}],"replies":[{"embeddable":true,"href":"https:\/\/www-b3.ijs.si\/index.php\/wp-json\/wp\/v2\/comments?post=16"}],"version-history":[{"count":0,"href":"https:\/\/www-b3.ijs.si\/index.php\/wp-json\/wp\/v2\/pages\/16\/revisions"}],"up":[{"embeddable":true,"href":"https:\/\/www-b3.ijs.si\/index.php\/wp-json\/wp\/v2\/pages\/215"}],"wp:featuredmedia":[{"embeddable":true,"href":"https:\/\/www-b3.ijs.si\/index.php\/wp-json\/wp\/v2\/media\/678"}],"wp:attachment":[{"href":"https:\/\/www-b3.ijs.si\/index.php\/wp-json\/wp\/v2\/media?parent=16"}],"curies":[{"name":"wp","href":"https:\/\/api.w.org\/{rel}","templated":true}]}}