{"id":1182,"date":"2020-07-01T14:33:58","date_gmt":"2020-07-01T13:33:58","guid":{"rendered":"http:\/\/www-b3.ijs.si\/?page_id=1182"},"modified":"2021-04-16T14:59:19","modified_gmt":"2021-04-16T12:59:19","slug":"projekti","status":"publish","type":"page","link":"https:\/\/www-b3.ijs.si\/index.php\/raziskave\/projekti\/?lang=sl","title":{"rendered":"Projekti"},"content":{"rendered":"<p><section class=\"kc-elm kc-css-398269 kc_row\"><div class=\"kc-row-container  kc-container\"><div class=\"kc-wrap-columns\"><div class=\"kc-elm kc-css-3772 kc_col-sm-12 kc_column kc_col-sm-12\"><div class=\"kc-col-container\">\n<div class=\"kc-elm kc-css-240053 kc-blog-posts kc-blog-posts-1 owl-carousel kc-image-align-both\" data-owl-options='{\"autoplay\": \"yes\", \"pagination\": \"yes\", \"items\": \"1\", \"tablet\":1, \"mobile\":1}'>\n\t\n\t\t<h3>Blog Post: Nothing not found.<\/h3>\n\n\t\n<\/div>\n<\/div><\/div><\/div><\/div><\/section><section class=\"kc-elm kc-css-274485 kc_row\"><div class=\"kc-row-container  kc-container\"><div class=\"kc-wrap-columns\"><div class=\"kc-elm kc-css-876408 kc_col-sm-12 kc_column kc_col-sm-12\"><div class=\"kc-col-container\"><div class=\"kc-elm kc-css-244055 kc_text_block\"><\/p>\n<h2>Program<\/h2>\n<div><strong>P4-0127 <a href=\"https:\/\/www.sicris.si\/public\/jqm\/prg.aspx?lang=slv&amp;opdescr=search&amp;opt=2&amp;subopt=700&amp;code1=cmn&amp;code2=auto&amp;psize=1&amp;hits=1&amp;page=1&amp;count=&amp;search_term=ale%C5%A1%20berlec&amp;id=17661&amp;slng=&amp;order_by=\" target=\"_blank\" rel=\"noopener noreferrer\">Farmacevtska biotehnologija: znanost za zdravje<\/a><\/strong><br \/>Janko Kos<br \/>Trajanje: 1.1.2004\u201531.12.2024<\/div>\n<div>\u00a0<\/div>\n<div>\n<p><strong>P4-0432 Morska in mikrobna biotehnologija<\/strong> <br \/>Ana Rotter (B3: Jerica Saboti\u010d)<br \/>Trajanje: 1.1.2022 &#8211; 31.12.2027<\/p>\n<\/div>\n<div>\u00a0<\/div>\n<h2>Projekti<\/h2>\n<p><strong>J3-4503 Nepravilnosti v translaciji, ki so podlaga za amiotrofi\u010dno lateralno sklerozo in frontotemporalno demenco povezano z mutacijo v genu C9orf72<\/strong><br \/>Vodja: Boris Rogelj<br \/>Trajanje: 1. 10. 2022 \u2013 30.9.2025<\/p>\n<p><strong>J3-4531 Antimikrobne povr\u0161ine na podlagi kontakta na zahtevo: strategija za nadzor oku\u017eb prijazna ljudem in okolju<\/strong><br \/>Vodja: Marija Vukomanovi\u0107 (B3: Milica Peri\u0161i\u0107 Nanut)<br \/>Trajanje: 1. 10. 2022 \u2013 30.9.2025<\/p>\n<p><strong>J4-4555 Napovedovanje patogenosti in perzistence bakterij Listeria monocytogenes na osnovi zna\u010dilnosti njihovih biofilmov in surfaktoma s pomo\u010djo strojnega u\u010denja<\/strong><br \/>Vodja: Jerica Saboti\u010d<br \/>Trajanje: 1. 10. 2022 \u2013 30.9.2025<\/p>\n<p><strong>J7-4420 Selektivno mehansko odstranjevanje bakterijskih biofilmov s konjugiranimi magnetnimi nanodelci<\/strong><br \/>Vodja: Ale\u0161 Berlec <br \/>Trajanje: 1. 10. 2022 \u2013 30.9.2025<\/p>\n<p><strong>L7-4567 VUV in UV sevanje iz plazme \u2013 metoda za u\u010dinkovito dekontaminacijo Aflatoksinov<\/strong><br \/>Vodja: Nina Recek (B3: Helena Motaln)<br \/>Trajanje: 1. 10. 2022 \u2013 30.9.2025<\/p>\n<p><strong>Z4-4566 Razvoj mle\u010dnokislinskih bakterij za ciljano dostavo protitumorskih u\u010dinkovin<\/strong><br \/>Vodja: Abida Zahirovi\u0107<br \/>Trajanje: 1. 10. 2022 \u2013 30.9.2024<\/p>\n<p><strong>J7-4639 Protibakterijske zlitine: razvoj z aditivno 3D tehnologijo, karakterizacija in klini\u010dna uporaba<\/strong><br \/>Vodja: Ingrid Milo\u0161ev (B3: Helena Motaln)<br \/>Trajanje: 1. 10. 2022 \u2013 30.9.2025<\/p>\n<p><strong>J7-4418 Nanovlakna za so\u010dasno dostavo koktajlov izbrane mikrobiote in protimikrobnih u\u010dinkovin za lokalno zdravljenje vaginalnih infekcij<\/strong><br \/>Vodja: \u0160pela Zupan\u010di\u010d (B3: Ale\u0161 Berlec)<br \/>Trajanje: 1. 10. 2022 \u2013 30.9.2025<\/p>\n<p><strong>J4-4548 Mikroplastika kot vektor mikrobne kontaminacije, oku\u017ebe in odpornosti: primer bakterij Campylobacter v proizvodnji perutninskega mesa<\/strong><br \/>Vodja: Anja Klan\u010dnik (B3: Jerica Saboti\u010d)<br \/>Trajanje: 1. 10. 2022 \u2013 30.9.2025<\/p>\n<p><strong>J3-3079 Baktericidna nanorezila: preizkus bimodalnega mehanokemijskega odstranjevanja trdovratnih biofilmov<\/strong><br \/>Vodja: Stane Pajk (B3: Jerica Saboti\u010d)<br \/>Trajanje: 1.12.2021 &#8211; 30.11.2024<\/p>\n<p><strong>J3-3071 Katepsina B in X v tumorskih mati\u010dnih celicah raka dojke \u2013 molekulske tar\u010de in pomen za protitumorno terapijo<\/strong><br \/>Vodja: Ana Mitrovi\u0107<br \/>Trajanje: 1. 10. 2021 &#8211; 30.9.2024<\/p>\n<p><strong>J4-3088 Med-bakterijska dinamika biofilma: vpliv na tvorbo in strukturo biofilma bakterij Campylobacter z namenom razvoja novih inovativnih strategij nadzora<\/strong><br \/>Vodja: Anja Klan\u010dnik (B3: Jerica Saboti\u010d)<br \/>Trajanje: 1. 10. 2021 &#8211; 30.9.2024<\/p>\n<p><strong>J4-3096 Rekombinantni probiotiki kot bio-alternativni protimikrobni pristop proti bakteriji Clostridioides difficile<\/strong> <br \/>Vodja: Borut \u0160trukelj (B3: Ale\u0161 Berlec)<br \/>1.10.2021 &#8211; 30.9.2024<\/p>\n<p><strong>Cell4Chem (ERA-Net CoBioTech) <a href=\"https:\/\/www.ufz.de\/cell4chem\/\" target=\"_blank\" rel=\"noopener\">In\u017eenirstvo mikrobnih skupnosti za pretvorbo lignoceluloze v srednje-veri\u017ene karboksilate<\/a><\/strong><br \/>Vodja: Ale\u0161 Berlec<br \/>Trajanje: 1.7.2021 &#8211; 30.6.2024<\/p>\n<p><strong>N3-0184 (CEUS GA \u010cR): Majhni proteinski blokatorji osi IL-23\/IL-17 izlo\u010deni iz probioti\u010dnih bakterij kot zaviralci vnetja prebavil<br \/><\/strong>Vodja: Ale\u0161 Berlec<br \/>Trajanje: 1.3.2021 \u2015 28.2.2024<strong><br \/><\/strong><\/p>\n<p><strong>PID13158 Instruct-ERIC: Glikani bakterijske celi\u010dne stene<br \/><\/strong>Vodja: Jerica Saboti\u010d<br \/>Trajanje: 1.11.2020\u201531.12.2020<\/p>\n<p><strong><strong>J4-2543 <\/strong>Novi gobji proteini kot biopesticidi za nadzor invazivnih tujih kmetijskih \u0161kodljivcev<br \/><\/strong>Vodja: Jerica Saboti\u010d<br \/>Trajanje: 1.11.2020\u201531.10.2023<\/p>\n<p><strong>CA19123 <a href=\"https:\/\/www.cost.eu\/actions\/CA19123\/#tabs|Name:management-committee\">Za\u0161\u010dita, odpornost, rehabilitacija po\u0161kodovanih okolij<\/a><\/strong><br \/>PI: Andrea Pietrelli (B3: Ale\u0161 Berlec)<br \/>21.9.2020 \u2015 10.9.2024<\/p>\n<p><strong>J3-2516 Cistatin F kot mediator imunske supresije v mikrookolju glioblastoma<\/strong><br \/>Vodja: Milica Peri\u0161i\u0107 Nanut<br \/>Trajanje: 1.9.2020\u201531.8.2023<\/p>\n<p><strong><strong>N3-0141 <a href=\"http:\/\/www.sicris.si\/public\/jqm\/prj.aspx?lang=slv&amp;opdescr=search&amp;opt=2&amp;subopt=400&amp;code1=cmn&amp;code2=auto&amp;psize=1&amp;hits=1&amp;page=1&amp;count=&amp;search_term=rogelj%20b&amp;id=18041&amp;slng=&amp;order_by=\" target=\"_blank\" rel=\"noopener noreferrer\">Napake v jedrnem transportu pri frontetemporalni demenci<\/a><\/strong><br \/><\/strong>Vodja: Boris Rogelj<br \/>Trajanje: 1.3.2020\u201528.2.2023<\/p>\n<p><strong>CA18238<\/strong> <a href=\"https:\/\/www.ocean4biotech.eu\/\" target=\"_blank\" rel=\"noopener noreferrer\"><strong>European transdisciplinary networking platform for marine biotechnology<\/strong><\/a><br \/>Vodja: Ana Rotter (B3: Jerica Saboti\u010d)<br \/>Trajanje: 1.10.2019 \u2013 30.9.2023<\/p>\n<p><strong>J4-1776 <a href=\"https:\/\/www.sicris.si\/public\/jqm\/prj.aspx?lang=slv&amp;opdescr=search&amp;opt=2&amp;subopt=400&amp;code1=cmn&amp;code2=auto&amp;psize=1&amp;hits=1&amp;page=1&amp;count=&amp;search_term=ale%C5%A1%20berlec&amp;id=17848&amp;slng=&amp;order_by=\" target=\"_blank\" rel=\"noopener noreferrer\">Izbolj\u0161anje imunoterapevtske vrednosti NK celic z modulacijo cistatina F<\/a><\/strong><br \/>Vodja: Janko Kos<br \/>Trajanje: 1.7.2019\u201530.6.2022<\/p>\n<p><strong>J4-1771 <a href=\"https:\/\/www.sicris.si\/public\/jqm\/prj.aspx?lang=slv&amp;opdescr=search&amp;opt=2&amp;subopt=400&amp;code1=cmn&amp;code2=auto&amp;psize=1&amp;hits=1&amp;page=1&amp;count=&amp;search_term=ale%C5%A1%20berlec&amp;id=17843&amp;slng=&amp;order_by=\" target=\"_blank\" rel=\"noopener noreferrer\">Nove protimikrobne strategije prepre\u010devanja tvorbe biofilma z uporabo lektinov, ki inhibirajo bakterijsko adhezijo<\/a><\/strong><br \/>Vodja: Jerica Saboti\u010d<br \/>Trajanje: 1.7.2019\u201530.6.2022<\/p>\n<p><strong>J3-9263 <a href=\"http:\/\/www.sicris.si\/public\/jqm\/prj.aspx?lang=slv&amp;opdescr=search&amp;opt=2&amp;subopt=400&amp;code1=cmn&amp;code2=auto&amp;psize=1&amp;hits=1&amp;page=1&amp;count=&amp;search_term=rogelj%20b&amp;id=17306&amp;slng=&amp;order_by=\" target=\"_blank\" rel=\"noopener noreferrer\">Vloga paraspeklom podobnih jedrnih telesc pri patogenezi nevrodegenerativnih bolezni ALS in FTD<\/a><\/strong><br \/>Vodja: Boris Rogelj<br \/>Trajanje: 1.7.2018\u201530.6.2021<\/p>\n<p><strong>J3-9267\u00a0 <a href=\"https:\/\/www.sicris.si\/public\/jqm\/prj.aspx?lang=slv&amp;opdescr=search&amp;opt=2&amp;subopt=400&amp;code1=cmn&amp;code2=auto&amp;psize=1&amp;hits=1&amp;page=1&amp;count=&amp;search_term=ale%C5%A1%20berlec&amp;id=17308&amp;slng=&amp;order_by=\" target=\"_blank\" rel=\"noopener noreferrer\">Zaviranje aktivnosti katepsina X kot nov pristop za zdravljenje Parkinsonove bolezni<\/a><\/strong><br \/>Vodja: Anja Pi\u0161lar (B3: Janko Kos)<br \/>Trajanje: 1.7.2018\u201530.6.2021<\/p>\n<p><strong>J4-9299 <a href=\"https:\/\/www.sicris.si\/public\/jqm\/prj.aspx?lang=slv&amp;opdescr=search&amp;opt=2&amp;subopt=400&amp;code1=cmn&amp;code2=auto&amp;psize=1&amp;hits=1&amp;page=1&amp;count=&amp;search_term=ale%C5%A1%20berlec&amp;id=17322&amp;slng=&amp;order_by=\" target=\"_blank\" rel=\"noopener noreferrer\">Mehanizmi adhezije bakterij Campylobacter kot tar\u010da za zmanj\u0161anje antibiotske odpornosti<\/a><\/strong><br \/>Vodja: Anja Klan\u010dnik (B3: Jerica Saboti\u010d)<br \/>Trajanje: 1.7.2018\u201530.6.2021<\/p>\n<p><strong>J4-9327\u00a0 <a href=\"https:\/\/www.sicris.si\/public\/jqm\/prj.aspx?lang=slv&amp;opdescr=search&amp;opt=2&amp;subopt=400&amp;code1=cmn&amp;code2=auto&amp;psize=1&amp;hits=1&amp;page=1&amp;count=&amp;search_term=ale%C5%A1%20berlec&amp;id=17327&amp;slng=&amp;order_by=\" target=\"_blank\" rel=\"noopener noreferrer\">Ciljanje, slikanje in zdravljenje kolorektalnega raka z varnimi teranosti\u010dnimi bakterijami<\/a><\/strong><br \/>Vodja: Ale\u0161 Berlec<br \/>Trajanje: 1.7.2018\u201530.6.2021<\/p>\n<p><strong>J3-9262 <a href=\"https:\/\/www.sicris.si\/public\/jqm\/prj.aspx?lang=slv&amp;opdescr=rsrSearch&amp;opt=2&amp;subopt=400&amp;code1=rsr&amp;code2=nameadvanced&amp;psize=1&amp;hits=1&amp;page=1&amp;count=&amp;search_term=name=HELENA%20motaln%20and%20sci=%20and%20fil=%20and%20sub=%20and%20type=%20and%20stat=%20and%20edulevl=&amp;id=17305&amp;slng=&amp;order_by=\" target=\"_blank\" rel=\"noopener noreferrer\">Napredne tehnologije obdelave individualiziranih 3D tiskanih implantatov za prepre\u010devanje bakterijskih oku\u017eb<\/a><\/strong><br \/>Vodja: Ita Junkar (B3: Boris Rogelj)<br \/>Trajanje: 1.7.2018\u201530.6.2021<\/p>\n<p><strong>J7-9399 <a href=\"http:\/\/www.sicris.si\/public\/jqm\/prj.aspx?lang=slv&amp;opdescr=search&amp;opt=2&amp;subopt=400&amp;code1=cmn&amp;code2=auto&amp;psize=1&amp;hits=1&amp;page=1&amp;count=&amp;search_term=rogelj%20b&amp;id=17361&amp;slng=&amp;order_by=\" target=\"_blank\" rel=\"noopener noreferrer\">Fazni prehodi v sistemih periodi\u010dnih nukleotidnih ekspanzij povezanih z nevrodegenerativnimi boleznimi<\/a><\/strong><br \/>Vodja: Irena Dreven\u0161ek Olenik (B3: Boris Rogelj)<br \/>Trajanje: 1.7.2018\u201530.6.2021<\/p>\n<p><strong>L4-9325 <a href=\"https:\/\/www.sicris.si\/public\/jqm\/prj.aspx?lang=slv&amp;opdescr=rsrSearch&amp;opt=2&amp;subopt=400&amp;code1=rsr&amp;code2=nameadvanced&amp;psize=1&amp;hits=1&amp;page=1&amp;count=&amp;search_term=name=HELENA%20motaln%20and%20sci=%20and%20fil=%20and%20sub=%20and%20type=%20and%20stat=%20and%20edulevl=&amp;id=17425&amp;slng=&amp;order_by=\" target=\"_blank\" rel=\"noopener noreferrer\">Razvoj novih, okolju prijaznih, pristopov za inaktivacijo rastlinskih in humanih virusov v vodah<\/a><\/strong><br \/>Vodja: Maja Ravnikar (B3: Boris Rogelj)<br \/>Trajanje: 1.7.2018\u201530.6.2021<\/p>\n<p><strong>Z3-9273 <a href=\"https:\/\/www.sicris.si\/public\/jqm\/prj.aspx?lang=slv&amp;opdescr=search&amp;opt=2&amp;subopt=400&amp;code1=cmn&amp;code2=auto&amp;psize=1&amp;hits=1&amp;page=1&amp;count=&amp;search_term=ale%C5%A1%20berlec&amp;id=17408&amp;slng=&amp;order_by=\" target=\"_blank\" rel=\"noopener noreferrer\">Uporaba inhibitorjev katepsinov B in X za izbolj\u0161anje protitumorne terapije<\/a><\/strong><br \/>Vodja: Ana Mitrovi\u0107<br \/>Trajanje: 1.7.2018\u201530.6.2020<\/p>\n<p><strong>J3-8201 <a href=\"http:\/\/www.sicris.si\/public\/jqm\/prj.aspx?lang=slv&amp;opdescr=search&amp;opt=2&amp;subopt=400&amp;code1=cmn&amp;code2=auto&amp;psize=1&amp;hits=1&amp;page=1&amp;count=&amp;search_term=rogelj%20b&amp;id=12488&amp;slng=&amp;order_by=\" target=\"_blank\" rel=\"noopener noreferrer\">Okvare jedrnega transporta pri nevrodegenerativnih boleznih<\/a><\/strong><br \/>Vodja: Boris Rogelj<br \/>Trajanje: 1.5.2017\u201530.4.2020<\/p>\n<p><strong>J4-8227 <a href=\"https:\/\/www.sicris.si\/public\/jqm\/prj.aspx?lang=slv&amp;opdescr=search&amp;opt=2&amp;subopt=400&amp;code1=cmn&amp;code2=auto&amp;psize=1&amp;hits=1&amp;page=1&amp;count=&amp;search_term=ale%C5%A1%20berlec&amp;id=12506&amp;slng=&amp;order_by=\" target=\"_blank\" rel=\"noopener noreferrer\">Prepre\u010devanje rezistence tumorskih celic na antiproteazno terapijo z inhibitorji katepsina X<\/a><\/strong><br \/>Vodja: Janko Kos<br \/>Trajanje: 1.5.2017 &#8211; 30.04.2020<\/p>\n<p><strong>Z3-7307 <\/strong><a href=\"https:\/\/www.sicris.si\/public\/jqm\/prj.aspx?lang=slv&amp;opdescr=search&amp;opt=2&amp;subopt=400&amp;code1=cmn&amp;code2=auto&amp;psize=1&amp;hits=1&amp;page=1&amp;count=&amp;search_term=ale%C5%A1%20berlec&amp;id=10429&amp;slng=&amp;order_by=\" target=\"_blank\" rel=\"noopener noreferrer\"><strong>Vloga celi\u010dnega lipidnega metabolizma pri amiotrofi\u010dni lateralni sklerozi in frontotemporalni lobarni degeneraciji<\/strong><\/a><br \/>Vodja: Anja Pucer Jane\u017e<br \/>Trajanje: 1.2.2017\u201531.12.2019<\/p>\n<p><strong>J7-7424 <a href=\"http:\/\/www.sicris.si\/public\/jqm\/prj.aspx?lang=slv&amp;opdescr=search&amp;opt=2&amp;subopt=400&amp;code1=cmn&amp;code2=auto&amp;psize=1&amp;hits=1&amp;page=1&amp;count=&amp;search_term=rogelj%20b&amp;id=9984&amp;slng=&amp;order_by=\" target=\"_blank\" rel=\"noopener noreferrer\">Analiza mo\u017enih \u0161kodljivih u\u010dinkov nanodelcev in spremljajo\u010dih mehanizmov ? od fizikalno-kemijske ter in vitro karakterizacije do aktivacije prirojenega imunskega sistema<\/a><\/strong><br \/>Vodja: Vladimir B. Bregar (B3: Boris Rogelj)<br \/>Trajanje: 1.1.2016\u201531.12.2018<\/p>\n<p><strong>J3-6785 <a href=\"https:\/\/www.sicris.si\/public\/jqm\/prj.aspx?lang=slv&amp;opdescr=search&amp;opt=2&amp;subopt=400&amp;code1=cmn&amp;code2=auto&amp;psize=1&amp;hits=1&amp;page=1&amp;count=&amp;search_term=ale%C5%A1%20berlec&amp;id=9286&amp;slng=&amp;order_by=\" target=\"_blank\" rel=\"noopener noreferrer\">Genetika in farmakogenomika kroni\u010dne vnetne \u010drevesne bolezni in genetsko povezanih kroni\u010dnih imunskih bolezni<\/a><\/strong><br \/>Vodja: Uro\u0161 Poto\u010dnik (B3: Boris Rogelj)<br \/>Trajanje: 1.7.2014\u201530.6.2017<\/p>\n<p><strong>Z3-6802 <a href=\"https:\/\/www.sicris.si\/public\/jqm\/prj.aspx?lang=slv&amp;opdescr=search&amp;opt=2&amp;subopt=400&amp;code1=cmn&amp;code2=auto&amp;psize=1&amp;hits=1&amp;page=1&amp;count=&amp;search_term=ale%C5%A1%20berlec&amp;id=9398&amp;slng=&amp;order_by=\" target=\"_blank\" rel=\"noopener noreferrer\">Molekularni mehanizmi atrofije skeletnih mi\u0161ic: pomen za staranje, mi\u0161i\u010dne bolezni in bivanje v vesolju.<\/a><\/strong><br \/>Vodja: Anja Kovanda<br \/>Trajanje: 1.11.2014\u201530.6.2017<\/p>\n<p><strong>J3-6789 <a href=\"https:\/\/www.sicris.si\/public\/jqm\/prj.aspx?lang=slv&amp;opdescr=search&amp;opt=2&amp;subopt=400&amp;code1=cmn&amp;code2=auto&amp;psize=1&amp;hits=1&amp;page=1&amp;count=&amp;search_term=ale%C5%A1%20berlec&amp;id=9288&amp;slng=&amp;order_by=\" target=\"_blank\" rel=\"noopener noreferrer\">Patogeni mehanizem podalj\u0161anih heksanukleotidnih ponovitev v genu C9orf72 pri nevrodegeneraciji<\/a><\/strong><br \/>Vodja: Boris Rogelj<br \/>Trajanje: 1.7.2014\u201530.6.2017<\/p>\n<p><strong>J4-6811 <a href=\"https:\/\/www.sicris.si\/public\/jqm\/prj.aspx?lang=slv&amp;opdescr=search&amp;opt=2&amp;subopt=400&amp;code1=cmn&amp;code2=auto&amp;psize=1&amp;hits=1&amp;page=1&amp;count=&amp;search_term=ale%C5%A1%20berlec&amp;id=9302&amp;slng=&amp;order_by=\" target=\"_blank\" rel=\"noopener noreferrer\">Vloga inhibitorjev cisteinskih proteaz v citotoksi\u010dnem delovanju naravnih celic ubijalk na tumorske celice<\/a><\/strong><br \/>Vodja: Janko Kos<br \/>Trajanje: 1.7.2014\u201530.6.2017<\/p>\n<p><strong>J3-5502 <a href=\"https:\/\/www.sicris.si\/public\/jqm\/prj.aspx?lang=slv&amp;opdescr=search&amp;opt=2&amp;subopt=400&amp;code1=cmn&amp;code2=auto&amp;psize=1&amp;hits=1&amp;page=1&amp;count=&amp;search_term=ale%C5%A1%20berlec&amp;id=8651&amp;slng=&amp;order_by=\" target=\"_blank\" rel=\"noopener noreferrer\">Napake v regulaciji izra\u017eanja TDP-43 pri amiotrofi\u010dni lateralni sklerozi in frontotemporlani lobarni degeneraciji<\/a><\/strong><br \/>Vodja: Boris Rogelj<br \/>Trajanje: 1.8.2013\u201531.7.2016<\/p>\n<p><strong>J4-5529 <a href=\"https:\/\/www.sicris.si\/public\/jqm\/prj.aspx?lang=slv&amp;opdescr=search&amp;opt=2&amp;subopt=400&amp;code1=cmn&amp;code2=auto&amp;psize=1&amp;hits=1&amp;page=1&amp;count=&amp;search_term=ale%C5%A1%20berlec&amp;id=8665&amp;slng=&amp;order_by=\" target=\"_blank\" rel=\"noopener noreferrer\">Nitroksolin in njegovi derivati kot nova protitumorska zdravila<\/a><\/strong><br \/>Vodja: Kos Janko<br \/>Trajanje: 1.8.2013\u201531.7.2016<\/p>\n<p><strong>J7-5460 <a href=\"https:\/\/www.sicris.si\/public\/jqm\/prj.aspx?lang=slv&amp;opdescr=search&amp;opt=2&amp;subopt=400&amp;code1=cmn&amp;code2=auto&amp;psize=1&amp;hits=1&amp;page=1&amp;count=&amp;search_term=ale%C5%A1%20berlec&amp;id=8688&amp;slng=&amp;order_by=\" target=\"_blank\" rel=\"noopener noreferrer\">Post-transkripcijske regulacijske mre\u017ee v nevrodegenerativnih boleznih.<\/a><\/strong><br \/>Vodja: Jernej Ule (B3: Boris Rogelj)<br \/>Trajanje: 1.8.2013\u201531.7.2016<\/p>\n<p><strong>J1-5450 <a href=\"https:\/\/www.sicris.si\/public\/jqm\/prj.aspx?lang=slv&amp;opdescr=search&amp;opt=2&amp;subopt=400&amp;code1=cmn&amp;code2=auto&amp;psize=1&amp;hits=1&amp;page=1&amp;count=&amp;search_term=ale%C5%A1%20berlec&amp;id=8632&amp;slng=&amp;order_by=\" target=\"_blank\" rel=\"noopener noreferrer\">Proteinsko na\u010drtovanje rekombinantnih probioti\u010dnih mle\u010dnokislinskih bakterij za zdravljenje sindromov vnetega \u010drevesa<\/a><\/strong><br \/>Vodja: Borut \u0160trukelj<br \/>Trajanje: 1.8.2013\u201531.7.2016<\/p>\n<p>\n<\/div><\/div><\/div><\/div><\/div><\/section><\/p>\n","protected":false},"excerpt":{"rendered":"","protected":false},"author":6,"featured_media":787,"parent":1180,"menu_order":0,"comment_status":"closed","ping_status":"closed","template":"","meta":[],"_links":{"self":[{"href":"https:\/\/www-b3.ijs.si\/index.php\/wp-json\/wp\/v2\/pages\/1182"}],"collection":[{"href":"https:\/\/www-b3.ijs.si\/index.php\/wp-json\/wp\/v2\/pages"}],"about":[{"href":"https:\/\/www-b3.ijs.si\/index.php\/wp-json\/wp\/v2\/types\/page"}],"author":[{"embeddable":true,"href":"https:\/\/www-b3.ijs.si\/index.php\/wp-json\/wp\/v2\/users\/6"}],"replies":[{"embeddable":true,"href":"https:\/\/www-b3.ijs.si\/index.php\/wp-json\/wp\/v2\/comments?post=1182"}],"version-history":[{"count":2,"href":"https:\/\/www-b3.ijs.si\/index.php\/wp-json\/wp\/v2\/pages\/1182\/revisions"}],"predecessor-version":[{"id":1769,"href":"https:\/\/www-b3.ijs.si\/index.php\/wp-json\/wp\/v2\/pages\/1182\/revisions\/1769"}],"up":[{"embeddable":true,"href":"https:\/\/www-b3.ijs.si\/index.php\/wp-json\/wp\/v2\/pages\/1180"}],"wp:featuredmedia":[{"embeddable":true,"href":"https:\/\/www-b3.ijs.si\/index.php\/wp-json\/wp\/v2\/media\/787"}],"wp:attachment":[{"href":"https:\/\/www-b3.ijs.si\/index.php\/wp-json\/wp\/v2\/media?parent=1182"}],"curies":[{"name":"wp","href":"https:\/\/api.w.org\/{rel}","templated":true}]}}