{"id":1168,"date":"2020-07-01T14:21:23","date_gmt":"2020-07-01T13:21:23","guid":{"rendered":"http:\/\/www-b3.ijs.si\/?page_id=1168"},"modified":"2020-07-01T14:22:20","modified_gmt":"2020-07-01T13:22:20","slug":"home","status":"publish","type":"page","link":"https:\/\/www-b3.ijs.si\/index.php\/home\/?lang=sl","title":{"rendered":"Home"},"content":{"rendered":"<p><section id=\"section-carousel\" data-kc-fullwidth=\"content\" class=\"kc-elm kc-css-122100 kc_row\"><div class=\"kc-row-container\"><div class=\"kc-wrap-columns\"><div class=\"kc-elm kc-css-67142 kc_col-sm-12 kc_column kc_col-sm-12\"><div class=\"kc-col-container\"><div class=\"kc-elm kc-css-568894\" style=\"height: 95px; clear: both; width:100%;\"><\/div><div class=\"kc-elm kc-css-465338\">\n\t<div class=\"kc-carousel_images kc-elm kc-css-465338\">\n\t\n\t\t<div class=\"kc-carousel-images owl-carousel-images kc-sync1 \" data-owl-i-options='{\"items\":\"1\",\"tablet\":\"1\",\"mobile\":\"1\",\"speed\":\"500\",\"navigation\":\"\",\"pagination\":\"yes\",\"autoheight\":\"\",\"progressbar\":\"\",\"delay\":\"3\",\"autoplay\":\"yes\",\"showthumb\":\"\",\"num_thumb\":\"5\"}'>\n\t\n\t\t\t\t\t<div class=\"item\">\n\t\n\t\t\t\t\t\t\t<img src=\"https:\/\/www-b3.ijs.si\/wp-content\/uploads\/2020\/07\/Banner-slo-scaled.jpg\"  alt=\"\"\/>\n\t\n\t\t\t\t\n\t\t\t<\/div>\n\t\n\t\t\t\n\t\t<\/div>\n\t\n\t\t\t<\/div>\n<\/div>\n<\/div><\/div><\/div><\/div><\/section><section class=\"kc-elm kc-css-724450 kc_row\"><div class=\"kc-row-container  kc-container\"><div class=\"kc-wrap-columns\"><div class=\"kc-elm kc-css-307669 kc_col-sm-12 kc_column kc_col-sm-12\"><div class=\"kc-col-container\"><div class=\"kc-elm kc-css-341177 kc_text_block\"><\/p>\n<blockquote>\n<p>Prou\u010dujemo procese napredovanja raka in imunski odziv, mehanizme nevrodegenerativnih bolezni, biologijo RNA, probiotike in spremenjene mle\u010dnokislinske bakterije, glikobiologijo in glivne proteine. Na\u0161 cilj je uporabiti to znanje za:<\/p>\n<ul>\n<li>razumevanje mehanizmov bolezni<\/li>\n<li>diagnosti\u010dne in terapevtske namene v medicini<\/li>\n<li>varovanje okolja in pripravo kakovostnih in varnih \u017eivil<\/li>\n<\/ul>\n<\/blockquote>\n<p>\n<\/div>\n<div class=\"kc-elm kc-css-869306 kc-title-wrap \">\n\n\t<h1 class=\"kc_title\">Novice<\/h1>\n<\/div>\n\n<div class=\"kc-elm kc-css-86978 kc-blog-posts kc-blog-posts-3 kc-blog-grid kc_blog_masonry kc-image-align-both\">\n\t\n\t\t\n\t\t\t\t<div class=\"post-grid grid-4\">\n\t\t\t\t\t<div class=\"kc-list-item-3\">\n\t\t\t\t\t\t\t\t\t\t\t\t\t<a href=\"https:\/\/www-b3.ijs.si\/index.php\/2026\/04\/07\/biofilmsijs-symposium-brings-together-interdisciplinary-biofilm-research-community\/\" class=\"entry-thumb-link\">\n\t\t\t\t\t\t\t\t<div class=\"entry-thumb-wrapper\">\n\t\t\t\t\t\t\t\t\t<img src=\"https:\/\/www-b3.ijs.si\/wp-content\/uploads\/2026\/04\/naslovncia.jpg\"\n\t\t\t\t\t\t\t\t\t     alt=\"Biofilms@IJS Symposium Brings Together Interdisciplinary Biofilm Research Community\"\/>\n\t\t\t\t\t\t\t\t\t<div class=\"entry-thumb-overlay\"><\/div>\n\t\t\t\t\t\t\t\t<\/div>\n\t\t\t\t\t\t\t<\/a>\n\t\t\t\t\t\t\t\t\t\t\t\t<div class=\"content\">\n\t\t\t\t\t\t\t<h2 class=\"post-title-alt\"><a\n\t\t\t\t\t\t\t\thref=\"https:\/\/www-b3.ijs.si\/index.php\/2026\/04\/07\/biofilmsijs-symposium-brings-together-interdisciplinary-biofilm-research-community\/\">Biofilms@IJS Symposium Brings Together Interdisciplinary Biofilm Research Community<\/a>\n\t\t\t\t\t\t\t<\/h2>\n\t\t\t\t\t\t\t\t\t\t\t\t\t\t\t<div class=\"entry-meta\">\n\t\t\t\t\t\t\t\t\t\t\t\t\t\t\t\t\t\t\t\t\t\t\t\t\t\t\t<span class=\"entry-date\"><a\n\t\t\t\t\t\t\t\t\t\t\thref=\"https:\/\/www-b3.ijs.si\/index.php\/2026\/04\/07\/biofilmsijs-symposium-brings-together-interdisciplinary-biofilm-research-community\/\">April 07, 2026<\/a><\/span>\n\t\t\t\t\t\t\t\t\t\t\t\t\t\t\t\t\t\t\t\t\t\t\t\t\t\t<\/div>\n\t\t\t\t\t\t\t\t\t\t\t\t\t\t\t\t\t\t\t\t\t\t<div class=\"entry-excerpt\">\n\t\t\t\t\t\t\t\t\t<p>The first Biofilms@IJS symposium was held on April 2, 2026, at the Jo\u017eef Stefan Institute, bringing together researchers working on&hellip;<\/p>\n\t\t\t\t\t\t\t\t<\/div>\n\t\t\t\t\t\t\t\t\t\t\t\t\t\t<a href=\"https:\/\/www-b3.ijs.si\/index.php\/2026\/04\/07\/biofilmsijs-symposium-brings-together-interdisciplinary-biofilm-research-community\/\"\n\t\t\t\t\t\t\t   class=\"kc-post-2-button\">Read more <i\n\t\t\t\t\t\t\t\t\tclass=\"fa fa-angle-right\" aria-hidden=\"true\"><\/i><\/a>\n\t\t\t\t\t\t\t\t\t\t\t\t\t<\/div>\n\t\t\t\t\t<\/div>\n\t\t\t\t<\/div>\n\n\t\t\t\t\n\t\t\t\t<div class=\"post-grid grid-4\">\n\t\t\t\t\t<div class=\"kc-list-item-3\">\n\t\t\t\t\t\t\t\t\t\t\t\t\t<a href=\"https:\/\/www-b3.ijs.si\/index.php\/2026\/03\/17\/fungal-lectin-as-a-potential-selective-bioinsecticide\/\" class=\"entry-thumb-link\">\n\t\t\t\t\t\t\t\t<div class=\"entry-thumb-wrapper\">\n\t\t\t\t\t\t\t\t\t<img src=\"https:\/\/www-b3.ijs.si\/wp-content\/uploads\/2026\/03\/Jerica-Novica-JAFC.jpg\"\n\t\t\t\t\t\t\t\t\t     alt=\"Fungal Lectin as a Potential Selective Bioinsecticide\"\/>\n\t\t\t\t\t\t\t\t\t<div class=\"entry-thumb-overlay\"><\/div>\n\t\t\t\t\t\t\t\t<\/div>\n\t\t\t\t\t\t\t<\/a>\n\t\t\t\t\t\t\t\t\t\t\t\t<div class=\"content\">\n\t\t\t\t\t\t\t<h2 class=\"post-title-alt\"><a\n\t\t\t\t\t\t\t\thref=\"https:\/\/www-b3.ijs.si\/index.php\/2026\/03\/17\/fungal-lectin-as-a-potential-selective-bioinsecticide\/\">Fungal Lectin as a Potential Selective Bioinsecticide<\/a>\n\t\t\t\t\t\t\t<\/h2>\n\t\t\t\t\t\t\t\t\t\t\t\t\t\t\t<div class=\"entry-meta\">\n\t\t\t\t\t\t\t\t\t\t\t\t\t\t\t\t\t\t\t\t\t\t\t\t\t\t\t<span class=\"entry-date\"><a\n\t\t\t\t\t\t\t\t\t\t\thref=\"https:\/\/www-b3.ijs.si\/index.php\/2026\/03\/17\/fungal-lectin-as-a-potential-selective-bioinsecticide\/\">March 17, 2026<\/a><\/span>\n\t\t\t\t\t\t\t\t\t\t\t\t\t\t\t\t\t\t\t\t\t\t\t\t\t\t<\/div>\n\t\t\t\t\t\t\t\t\t\t\t\t\t\t\t\t\t\t\t\t\t\t<div class=\"entry-excerpt\">\n\t\t\t\t\t\t\t\t\t<p>In the study led by dr. Jerica Saboti\u010d researchers from the Department of Biotechnology and the Department of Biochemistry and&hellip;<\/p>\n\t\t\t\t\t\t\t\t<\/div>\n\t\t\t\t\t\t\t\t\t\t\t\t\t\t<a href=\"https:\/\/www-b3.ijs.si\/index.php\/2026\/03\/17\/fungal-lectin-as-a-potential-selective-bioinsecticide\/\"\n\t\t\t\t\t\t\t   class=\"kc-post-2-button\">Read more <i\n\t\t\t\t\t\t\t\t\tclass=\"fa fa-angle-right\" aria-hidden=\"true\"><\/i><\/a>\n\t\t\t\t\t\t\t\t\t\t\t\t\t<\/div>\n\t\t\t\t\t<\/div>\n\t\t\t\t<\/div>\n\n\t\t\t\t\n\t\t\t\t<div class=\"post-grid grid-4\">\n\t\t\t\t\t<div class=\"kc-list-item-3\">\n\t\t\t\t\t\t\t\t\t\t\t\t\t<a href=\"https:\/\/www-b3.ijs.si\/index.php\/2026\/02\/04\/targeting-cystatin-f-activation-enhances-nk-cell-cytotoxicity-in-glioblastoma-models\/\" class=\"entry-thumb-link\">\n\t\t\t\t\t\t\t\t<div class=\"entry-thumb-wrapper\">\n\t\t\t\t\t\t\t\t\t<img src=\"https:\/\/www-b3.ijs.si\/wp-content\/uploads\/2026\/02\/Slika-za-novice.png\"\n\t\t\t\t\t\t\t\t\t     alt=\"Targeting cystatin F activation enhances NK cell cytotoxicity in glioblastoma models\"\/>\n\t\t\t\t\t\t\t\t\t<div class=\"entry-thumb-overlay\"><\/div>\n\t\t\t\t\t\t\t\t<\/div>\n\t\t\t\t\t\t\t<\/a>\n\t\t\t\t\t\t\t\t\t\t\t\t<div class=\"content\">\n\t\t\t\t\t\t\t<h2 class=\"post-title-alt\"><a\n\t\t\t\t\t\t\t\thref=\"https:\/\/www-b3.ijs.si\/index.php\/2026\/02\/04\/targeting-cystatin-f-activation-enhances-nk-cell-cytotoxicity-in-glioblastoma-models\/\">Targeting cystatin F activation enhances NK cell cytotoxicity in glioblastoma models<\/a>\n\t\t\t\t\t\t\t<\/h2>\n\t\t\t\t\t\t\t\t\t\t\t\t\t\t\t<div class=\"entry-meta\">\n\t\t\t\t\t\t\t\t\t\t\t\t\t\t\t\t\t\t\t\t\t\t\t\t\t\t\t<span class=\"entry-date\"><a\n\t\t\t\t\t\t\t\t\t\t\thref=\"https:\/\/www-b3.ijs.si\/index.php\/2026\/02\/04\/targeting-cystatin-f-activation-enhances-nk-cell-cytotoxicity-in-glioblastoma-models\/\">February 04, 2026<\/a><\/span>\n\t\t\t\t\t\t\t\t\t\t\t\t\t\t\t\t\t\t\t\t\t\t\t\t\t\t<\/div>\n\t\t\t\t\t\t\t\t\t\t\t\t\t\t\t\t\t\t\t\t\t\t<div class=\"entry-excerpt\">\n\t\t\t\t\t\t\t\t\t<p>A recent study by the Cancer Proteolytic Pathways Research Group addresses a key reason why cancer remains difficult to treat:&hellip;<\/p>\n\t\t\t\t\t\t\t\t<\/div>\n\t\t\t\t\t\t\t\t\t\t\t\t\t\t<a href=\"https:\/\/www-b3.ijs.si\/index.php\/2026\/02\/04\/targeting-cystatin-f-activation-enhances-nk-cell-cytotoxicity-in-glioblastoma-models\/\"\n\t\t\t\t\t\t\t   class=\"kc-post-2-button\">Read more <i\n\t\t\t\t\t\t\t\t\tclass=\"fa fa-angle-right\" aria-hidden=\"true\"><\/i><\/a>\n\t\t\t\t\t\t\t\t\t\t\t\t\t<\/div>\n\t\t\t\t\t<\/div>\n\t\t\t\t<\/div>\n\n\t\t\t\t\n\t\t\t\t<div class=\"post-grid grid-4\">\n\t\t\t\t\t<div class=\"kc-list-item-3\">\n\t\t\t\t\t\t\t\t\t\t\t\t\t<a href=\"https:\/\/www-b3.ijs.si\/index.php\/2025\/10\/21\/evaluating-novel-lipophilic-fluorescent-probes-for-reliable-biofilm-imaging\/\" class=\"entry-thumb-link\">\n\t\t\t\t\t\t\t\t<div class=\"entry-thumb-wrapper\">\n\t\t\t\t\t\t\t\t\t<img src=\"https:\/\/www-b3.ijs.si\/wp-content\/uploads\/2025\/10\/Fluorescentprobes.png\"\n\t\t\t\t\t\t\t\t\t     alt=\"Evaluating novel lipophilic fluorescent probes for reliable biofilm imaging\"\/>\n\t\t\t\t\t\t\t\t\t<div class=\"entry-thumb-overlay\"><\/div>\n\t\t\t\t\t\t\t\t<\/div>\n\t\t\t\t\t\t\t<\/a>\n\t\t\t\t\t\t\t\t\t\t\t\t<div class=\"content\">\n\t\t\t\t\t\t\t<h2 class=\"post-title-alt\"><a\n\t\t\t\t\t\t\t\thref=\"https:\/\/www-b3.ijs.si\/index.php\/2025\/10\/21\/evaluating-novel-lipophilic-fluorescent-probes-for-reliable-biofilm-imaging\/\">Evaluating novel lipophilic fluorescent probes for reliable biofilm imaging<\/a>\n\t\t\t\t\t\t\t<\/h2>\n\t\t\t\t\t\t\t\t\t\t\t\t\t\t\t<div class=\"entry-meta\">\n\t\t\t\t\t\t\t\t\t\t\t\t\t\t\t\t\t\t\t\t\t\t\t\t\t\t\t<span class=\"entry-date\"><a\n\t\t\t\t\t\t\t\t\t\t\thref=\"https:\/\/www-b3.ijs.si\/index.php\/2025\/10\/21\/evaluating-novel-lipophilic-fluorescent-probes-for-reliable-biofilm-imaging\/\">October 21, 2025<\/a><\/span>\n\t\t\t\t\t\t\t\t\t\t\t\t\t\t\t\t\t\t\t\t\t\t\t\t\t\t<\/div>\n\t\t\t\t\t\t\t\t\t\t\t\t\t\t\t\t\t\t\t\t\t\t<div class=\"entry-excerpt\">\n\t\t\t\t\t\t\t\t\t<p>A new methodological paper from the Microbial Glycobiology group presents a comprehensive evaluation of fluorescent probes for biofilm labelling, with&hellip;<\/p>\n\t\t\t\t\t\t\t\t<\/div>\n\t\t\t\t\t\t\t\t\t\t\t\t\t\t<a href=\"https:\/\/www-b3.ijs.si\/index.php\/2025\/10\/21\/evaluating-novel-lipophilic-fluorescent-probes-for-reliable-biofilm-imaging\/\"\n\t\t\t\t\t\t\t   class=\"kc-post-2-button\">Read more <i\n\t\t\t\t\t\t\t\t\tclass=\"fa fa-angle-right\" aria-hidden=\"true\"><\/i><\/a>\n\t\t\t\t\t\t\t\t\t\t\t\t\t<\/div>\n\t\t\t\t\t<\/div>\n\t\t\t\t<\/div>\n\n\t\t\t\t\n\t\t\t\t<div class=\"post-grid grid-4\">\n\t\t\t\t\t<div class=\"kc-list-item-3\">\n\t\t\t\t\t\t\t\t\t\t\t\t\t<a href=\"https:\/\/www-b3.ijs.si\/index.php\/2025\/04\/15\/successful-defence-of-her-doctoral-dissertation-3\/\" class=\"entry-thumb-link\">\n\t\t\t\t\t\t\t\t<div class=\"entry-thumb-wrapper\">\n\t\t\t\t\t\t\t\t\t<img src=\"https:\/\/www-b3.ijs.si\/wp-content\/uploads\/2025\/04\/20250304_110003-scaled-e1744701181651.jpg\"\n\t\t\t\t\t\t\t\t\t     alt=\"Successful defence of doctoral dissertation\"\/>\n\t\t\t\t\t\t\t\t\t<div class=\"entry-thumb-overlay\"><\/div>\n\t\t\t\t\t\t\t\t<\/div>\n\t\t\t\t\t\t\t<\/a>\n\t\t\t\t\t\t\t\t\t\t\t\t<div class=\"content\">\n\t\t\t\t\t\t\t<h2 class=\"post-title-alt\"><a\n\t\t\t\t\t\t\t\thref=\"https:\/\/www-b3.ijs.si\/index.php\/2025\/04\/15\/successful-defence-of-her-doctoral-dissertation-3\/\">Successful defence of doctoral dissertation<\/a>\n\t\t\t\t\t\t\t<\/h2>\n\t\t\t\t\t\t\t\t\t\t\t\t\t\t\t<div class=\"entry-meta\">\n\t\t\t\t\t\t\t\t\t\t\t\t\t\t\t\t\t\t\t\t\t\t\t\t\t\t\t<span class=\"entry-date\"><a\n\t\t\t\t\t\t\t\t\t\t\thref=\"https:\/\/www-b3.ijs.si\/index.php\/2025\/04\/15\/successful-defence-of-her-doctoral-dissertation-3\/\">April 15, 2025<\/a><\/span>\n\t\t\t\t\t\t\t\t\t\t\t\t\t\t\t\t\t\t\t\t\t\t\t\t\t\t<\/div>\n\t\t\t\t\t\t\t\t\t\t\t\t\t\t\t\t\t\t\t\t\t\t<div class=\"entry-excerpt\">\n\t\t\t\t\t\t\t\t\t<p>On Tuesday, March 4, 2025, our colleague Ur\u0161a \u010cer\u010dek received the title PhD with a successful defence of her doctoral&hellip;<\/p>\n\t\t\t\t\t\t\t\t<\/div>\n\t\t\t\t\t\t\t\t\t\t\t\t\t\t<a href=\"https:\/\/www-b3.ijs.si\/index.php\/2025\/04\/15\/successful-defence-of-her-doctoral-dissertation-3\/\"\n\t\t\t\t\t\t\t   class=\"kc-post-2-button\">Read more <i\n\t\t\t\t\t\t\t\t\tclass=\"fa fa-angle-right\" aria-hidden=\"true\"><\/i><\/a>\n\t\t\t\t\t\t\t\t\t\t\t\t\t<\/div>\n\t\t\t\t\t<\/div>\n\t\t\t\t<\/div>\n\n\t\t\t\t\n\t\t\t\t<div class=\"post-grid grid-4\">\n\t\t\t\t\t<div class=\"kc-list-item-3\">\n\t\t\t\t\t\t\t\t\t\t\t\t\t<a href=\"https:\/\/www-b3.ijs.si\/index.php\/2025\/04\/14\/minisymposium-science-for-health\/\" class=\"entry-thumb-link\">\n\t\t\t\t\t\t\t\t<div class=\"entry-thumb-wrapper\">\n\t\t\t\t\t\t\t\t\t<img src=\"https:\/\/www-b3.ijs.si\/wp-content\/uploads\/2025\/04\/Programska-novica-2-e1744648920447.png\"\n\t\t\t\t\t\t\t\t\t     alt=\"Minisymposium: Science for health\"\/>\n\t\t\t\t\t\t\t\t\t<div class=\"entry-thumb-overlay\"><\/div>\n\t\t\t\t\t\t\t\t<\/div>\n\t\t\t\t\t\t\t<\/a>\n\t\t\t\t\t\t\t\t\t\t\t\t<div class=\"content\">\n\t\t\t\t\t\t\t<h2 class=\"post-title-alt\"><a\n\t\t\t\t\t\t\t\thref=\"https:\/\/www-b3.ijs.si\/index.php\/2025\/04\/14\/minisymposium-science-for-health\/\">Minisymposium: Science for health<\/a>\n\t\t\t\t\t\t\t<\/h2>\n\t\t\t\t\t\t\t\t\t\t\t\t\t\t\t<div class=\"entry-meta\">\n\t\t\t\t\t\t\t\t\t\t\t\t\t\t\t\t\t\t\t\t\t\t\t\t\t\t\t<span class=\"entry-date\"><a\n\t\t\t\t\t\t\t\t\t\t\thref=\"https:\/\/www-b3.ijs.si\/index.php\/2025\/04\/14\/minisymposium-science-for-health\/\">April 14, 2025<\/a><\/span>\n\t\t\t\t\t\t\t\t\t\t\t\t\t\t\t\t\t\t\t\t\t\t\t\t\t\t<\/div>\n\t\t\t\t\t\t\t\t\t\t\t\t\t\t\t\t\t\t\t\t\t\t<div class=\"entry-excerpt\">\n\t\t\t\t\t\t\t\t\t<p>In December, as part of the annual meeting of the Biotechnology Program Group: Science for Health, we organized a minisymposi&hellip;<\/p>\n\t\t\t\t\t\t\t\t<\/div>\n\t\t\t\t\t\t\t\t\t\t\t\t\t\t<a href=\"https:\/\/www-b3.ijs.si\/index.php\/2025\/04\/14\/minisymposium-science-for-health\/\"\n\t\t\t\t\t\t\t   class=\"kc-post-2-button\">Read more <i\n\t\t\t\t\t\t\t\t\tclass=\"fa fa-angle-right\" aria-hidden=\"true\"><\/i><\/a>\n\t\t\t\t\t\t\t\t\t\t\t\t\t<\/div>\n\t\t\t\t\t<\/div>\n\t\t\t\t<\/div>\n\n\t\t\t\t\n\t\t\t\t<div class=\"post-grid grid-4\">\n\t\t\t\t\t<div class=\"kc-list-item-3\">\n\t\t\t\t\t\t\t\t\t\t\t\t\t<a href=\"https:\/\/www-b3.ijs.si\/index.php\/2025\/04\/14\/fungal-lectins-show-differential-antiproliferative-activity-against-cancer-cells\/\" class=\"entry-thumb-link\">\n\t\t\t\t\t\t\t\t<div class=\"entry-thumb-wrapper\">\n\t\t\t\t\t\t\t\t\t<img src=\"https:\/\/www-b3.ijs.si\/wp-content\/uploads\/2025\/04\/anticancer-fungal-lectins-2-e1744610615501.png\"\n\t\t\t\t\t\t\t\t\t     alt=\"Fungal lectins show differential antiproliferative activity against cancer cells\"\/>\n\t\t\t\t\t\t\t\t\t<div class=\"entry-thumb-overlay\"><\/div>\n\t\t\t\t\t\t\t\t<\/div>\n\t\t\t\t\t\t\t<\/a>\n\t\t\t\t\t\t\t\t\t\t\t\t<div class=\"content\">\n\t\t\t\t\t\t\t<h2 class=\"post-title-alt\"><a\n\t\t\t\t\t\t\t\thref=\"https:\/\/www-b3.ijs.si\/index.php\/2025\/04\/14\/fungal-lectins-show-differential-antiproliferative-activity-against-cancer-cells\/\">Fungal lectins show differential antiproliferative activity against cancer cells<\/a>\n\t\t\t\t\t\t\t<\/h2>\n\t\t\t\t\t\t\t\t\t\t\t\t\t\t\t<div class=\"entry-meta\">\n\t\t\t\t\t\t\t\t\t\t\t\t\t\t\t\t\t\t\t\t\t\t\t\t\t\t\t<span class=\"entry-date\"><a\n\t\t\t\t\t\t\t\t\t\t\thref=\"https:\/\/www-b3.ijs.si\/index.php\/2025\/04\/14\/fungal-lectins-show-differential-antiproliferative-activity-against-cancer-cells\/\">April 14, 2025<\/a><\/span>\n\t\t\t\t\t\t\t\t\t\t\t\t\t\t\t\t\t\t\t\t\t\t\t\t\t\t<\/div>\n\t\t\t\t\t\t\t\t\t\t\t\t\t\t\t\t\t\t\t\t\t\t<div class=\"entry-excerpt\">\n\t\t\t\t\t\t\t\t\t<p>We announce the publication of our study in the International Journal of Biological Macromolecules. The study, led by Dr. Jerica&hellip;<\/p>\n\t\t\t\t\t\t\t\t<\/div>\n\t\t\t\t\t\t\t\t\t\t\t\t\t\t<a href=\"https:\/\/www-b3.ijs.si\/index.php\/2025\/04\/14\/fungal-lectins-show-differential-antiproliferative-activity-against-cancer-cells\/\"\n\t\t\t\t\t\t\t   class=\"kc-post-2-button\">Read more <i\n\t\t\t\t\t\t\t\t\tclass=\"fa fa-angle-right\" aria-hidden=\"true\"><\/i><\/a>\n\t\t\t\t\t\t\t\t\t\t\t\t\t<\/div>\n\t\t\t\t\t<\/div>\n\t\t\t\t<\/div>\n\n\t\t\t\t\n\t\t\t\t<div class=\"post-grid grid-4\">\n\t\t\t\t\t<div class=\"kc-list-item-3\">\n\t\t\t\t\t\t\t\t\t\t\t\t\t<a href=\"https:\/\/www-b3.ijs.si\/index.php\/2025\/04\/14\/exposure-to-fungal-lectins-impairs-biofilm-formation-of-listeria\/\" class=\"entry-thumb-link\">\n\t\t\t\t\t\t\t\t<div class=\"entry-thumb-wrapper\">\n\t\t\t\t\t\t\t\t\t<img src=\"https:\/\/www-b3.ijs.si\/wp-content\/uploads\/2025\/04\/bitna-slika-e1744609748849.png\"\n\t\t\t\t\t\t\t\t\t     alt=\"Exposure to fungal lectins impairs biofilm formation of Listeria\"\/>\n\t\t\t\t\t\t\t\t\t<div class=\"entry-thumb-overlay\"><\/div>\n\t\t\t\t\t\t\t\t<\/div>\n\t\t\t\t\t\t\t<\/a>\n\t\t\t\t\t\t\t\t\t\t\t\t<div class=\"content\">\n\t\t\t\t\t\t\t<h2 class=\"post-title-alt\"><a\n\t\t\t\t\t\t\t\thref=\"https:\/\/www-b3.ijs.si\/index.php\/2025\/04\/14\/exposure-to-fungal-lectins-impairs-biofilm-formation-of-listeria\/\">Exposure to fungal lectins impairs biofilm formation of Listeria<\/a>\n\t\t\t\t\t\t\t<\/h2>\n\t\t\t\t\t\t\t\t\t\t\t\t\t\t\t<div class=\"entry-meta\">\n\t\t\t\t\t\t\t\t\t\t\t\t\t\t\t\t\t\t\t\t\t\t\t\t\t\t\t<span class=\"entry-date\"><a\n\t\t\t\t\t\t\t\t\t\t\thref=\"https:\/\/www-b3.ijs.si\/index.php\/2025\/04\/14\/exposure-to-fungal-lectins-impairs-biofilm-formation-of-listeria\/\">April 14, 2025<\/a><\/span>\n\t\t\t\t\t\t\t\t\t\t\t\t\t\t\t\t\t\t\t\t\t\t\t\t\t\t<\/div>\n\t\t\t\t\t\t\t\t\t\t\t\t\t\t\t\t\t\t\t\t\t\t<div class=\"entry-excerpt\">\n\t\t\t\t\t\t\t\t\t<p>The researchers in the team led by Dr. Jerica Saboti\u010d, in collaboration with colleagues from the Department of Condensed Matter&hellip;<\/p>\n\t\t\t\t\t\t\t\t<\/div>\n\t\t\t\t\t\t\t\t\t\t\t\t\t\t<a href=\"https:\/\/www-b3.ijs.si\/index.php\/2025\/04\/14\/exposure-to-fungal-lectins-impairs-biofilm-formation-of-listeria\/\"\n\t\t\t\t\t\t\t   class=\"kc-post-2-button\">Read more <i\n\t\t\t\t\t\t\t\t\tclass=\"fa fa-angle-right\" aria-hidden=\"true\"><\/i><\/a>\n\t\t\t\t\t\t\t\t\t\t\t\t\t<\/div>\n\t\t\t\t\t<\/div>\n\t\t\t\t<\/div>\n\n\t\t\t\t\n\t\n<\/div>\n<\/div><\/div><\/div><\/div><\/section><\/p>\n","protected":false},"excerpt":{"rendered":"","protected":false},"author":6,"featured_media":1055,"parent":0,"menu_order":0,"comment_status":"closed","ping_status":"closed","template":"","meta":[],"_links":{"self":[{"href":"https:\/\/www-b3.ijs.si\/index.php\/wp-json\/wp\/v2\/pages\/1168"}],"collection":[{"href":"https:\/\/www-b3.ijs.si\/index.php\/wp-json\/wp\/v2\/pages"}],"about":[{"href":"https:\/\/www-b3.ijs.si\/index.php\/wp-json\/wp\/v2\/types\/page"}],"author":[{"embeddable":true,"href":"https:\/\/www-b3.ijs.si\/index.php\/wp-json\/wp\/v2\/users\/6"}],"replies":[{"embeddable":true,"href":"https:\/\/www-b3.ijs.si\/index.php\/wp-json\/wp\/v2\/comments?post=1168"}],"version-history":[{"count":1,"href":"https:\/\/www-b3.ijs.si\/index.php\/wp-json\/wp\/v2\/pages\/1168\/revisions"}],"predecessor-version":[{"id":1751,"href":"https:\/\/www-b3.ijs.si\/index.php\/wp-json\/wp\/v2\/pages\/1168\/revisions\/1751"}],"wp:featuredmedia":[{"embeddable":true,"href":"https:\/\/www-b3.ijs.si\/index.php\/wp-json\/wp\/v2\/media\/1055"}],"wp:attachment":[{"href":"https:\/\/www-b3.ijs.si\/index.php\/wp-json\/wp\/v2\/media?parent=1168"}],"curies":[{"name":"wp","href":"https:\/\/api.w.org\/{rel}","templated":true}]}}